{"id":16876,"date":"2024-10-16T22:44:53","date_gmt":"2024-10-16T12:44:53","guid":{"rendered":"https:\/\/standify.org\/shop\/luffys-gear-power-masterpiece-figurine-15cm\/"},"modified":"2026-03-02T10:19:39","modified_gmt":"2026-03-02T00:19:39","slug":"luffys-gear-power-masterpiece-figurine-15cm","status":"publish","type":"product","link":"https:\/\/standify.org\/de\/shop\/luffys-gear-power-masterpiece-figurine-15cm\/","title":{"rendered":"Luffy's Gear Power Masterpiece Figur (15cm)"},"content":{"rendered":"<p>\ud83c\udf1f Aufruf an alle One Piece Fans! \ud83c\udf1f<\/p>\n<p>Diese <strong>\ud83d\udd25 Luffy's Gear Power Masterpiece (15cm) \ud83c\udff4\u200d\u2620\ufe0f<\/strong> ist Ihre Chance, die legend\u00e4re <em>Strohhut-Kapit\u00e4n<\/em> auf Ihrem Regal zum Leben erweckt! Mit einer idealen Gr\u00f6\u00dfe von 15 cm ist diese Figur perfekt f\u00fcr alle Fans, die ein kompaktes, aber eindrucksvolles Ausstellungsst\u00fcck suchen. Die detailreich gestaltete Figur zeigt Monkey D. Luffy in Aktion, mit seiner feurigen Kraft und seinem charakteristischen Strohhut!<\/p>\n<p><strong>Warum Sie dieses Meisterwerk brauchen:<\/strong><\/p>\n<ul>\n<li>\ud83c\udff4\u200d\u2620\ufe0f <strong>Episches Design<\/strong> - Mit Luffy in voller L\u00e4nge <em>Getriebe-Modus<\/em>mit realistischen Feuer- und Raucheffekten!<\/li>\n<li>\ud83d\udca5 <strong>Actiongeladene Pose<\/strong> - Sp\u00fcre die Energie, wenn Luffy sich in den Kampf st\u00fcrzt, bereit, seine Kraft zu entfesseln.<\/li>\n<li>\ud83c\udfa8 <strong>Unglaubliche Handwerkskunst<\/strong> - Jedes Detail, von seinem entschlossenen Gesichtsausdruck bis zu seinem kultigen Outfit, ist perfekt nachempfunden.<\/li>\n<li>\ud83d\udccf <strong>Perfekte Gr\u00f6\u00dfe (15cm)<\/strong> - Er hat genau die richtige Gr\u00f6\u00dfe, um auf Ihrem Schreibtisch oder in Ihrem Regal Platz zu finden - kompakt und auff\u00e4llig zugleich!<\/li>\n<li>\ud83c\udfc6 <strong>Mitglied der Crew<\/strong> - \u00dcber <em>10.000 zufriedene Fans<\/em> haben Luffy zu ihrem Herzst\u00fcck gemacht! Wirst du dich ihnen anschlie\u00dfen?<\/li>\n<\/ul>\n<p>Verpassen Sie es nicht! hinzuf\u00fcgen <strong>\ud83d\udd25 Luffy's Gear Power Masterpiece (15cm) \ud83c\udff4\u200d\u2620\ufe0f<\/strong> zu deiner Sammlung und zeige deinen One Piece-Stolz.<\/p>\n<p><strong>Begrenzter Vorrat - greifen Sie jetzt zu, bevor sie weg sind! \ud83c\udfc3\u200d\u2642\ufe0f\ud83d\udca8<\/strong><\/p>","protected":false},"excerpt":{"rendered":"<p>\ud83c\udf1f Aufruf an alle One Piece Fans! \ud83c\udf1f Dieses \ud83d\udd25 Luffy's Gear Power Masterpiece (15cm) \ud83c\udff4\u200d\u2620\ufe0f ist deine Chance, die<\/p>","protected":false},"featured_media":16805,"comment_status":"open","ping_status":"closed","template":"","meta":[],"product_brand":[],"product_cat":[696],"product_tag":[683,684],"class_list":{"0":"post-16876","1":"product","2":"type-product","3":"status-publish","4":"has-post-thumbnail","6":"product_cat-one-piece","7":"product_tag-one-piece","8":"product_tag-luffy","10":"first","11":"instock","12":"sale","13":"taxable","14":"shipping-taxable","15":"purchasable","16":"product-type-simple"},"jetpack_sharing_enabled":true,"_links":{"self":[{"href":"https:\/\/standify.org\/de\/wp-json\/wp\/v2\/product\/16876","targetHints":{"allow":["GET"]}}],"collection":[{"href":"https:\/\/standify.org\/de\/wp-json\/wp\/v2\/product"}],"about":[{"href":"https:\/\/standify.org\/de\/wp-json\/wp\/v2\/types\/product"}],"replies":[{"embeddable":true,"href":"https:\/\/standify.org\/de\/wp-json\/wp\/v2\/comments?post=16876"}],"version-history":[{"count":1,"href":"https:\/\/standify.org\/de\/wp-json\/wp\/v2\/product\/16876\/revisions"}],"predecessor-version":[{"id":16886,"href":"https:\/\/standify.org\/de\/wp-json\/wp\/v2\/product\/16876\/revisions\/16886"}],"wp:featuredmedia":[{"embeddable":true,"href":"https:\/\/standify.org\/de\/wp-json\/wp\/v2\/media\/16805"}],"wp:attachment":[{"href":"https:\/\/standify.org\/de\/wp-json\/wp\/v2\/media?parent=16876"}],"wp:term":[{"taxonomy":"product_brand","embeddable":true,"href":"https:\/\/standify.org\/de\/wp-json\/wp\/v2\/product_brand?post=16876"},{"taxonomy":"product_cat","embeddable":true,"href":"https:\/\/standify.org\/de\/wp-json\/wp\/v2\/product_cat?post=16876"},{"taxonomy":"product_tag","embeddable":true,"href":"https:\/\/standify.org\/de\/wp-json\/wp\/v2\/product_tag?post=16876"}],"curies":[{"name":"wp","href":"https:\/\/api.w.org\/{rel}","templated":true}]}}