{"id":16803,"date":"2024-10-16T22:43:42","date_gmt":"2024-10-16T12:43:42","guid":{"rendered":"https:\/\/standify.org\/shop\/vinsmoke-sanji-all-blue-dream-collectible-figure-37cm\/"},"modified":"2026-04-19T21:56:28","modified_gmt":"2026-04-19T11:56:28","slug":"vinsmoke-sanji-all-blue-dream-collectible-figure-37cm","status":"publish","type":"product","link":"https:\/\/standify.org\/de\/shop\/vinsmoke-sanji-all-blue-dream-collectible-figure-37cm\/","title":{"rendered":"Vinsmoke Sanji \"All Blue Dream\" Sammelfigur 37cm"},"content":{"rendered":"<p><strong>\ud83d\udd25 VINSMOKE SANJI FIGUR - DIE ZUKUNFT GANZ BLAU KOCH AUS EINEM ST\u00dcCK\u2122 \ud83d\udd25.<\/strong><\/p>\n<p>Diese atemberaubende Vinsmoke-Sanji-Figur, die von Fans auf der ganzen Welt geliebt wird, ist deine Chance, ein St\u00fcck von Vinsmoke zu besitzen. <strong>One Piece\u2122.<\/strong> Legende!<\/p>\n<p><strong>Schlie\u00dfen Sie sich Tausenden von Sammlern an, die diese epische Figur bereits sch\u00e4tzen!<\/strong><\/p>\n<p>\ud83d\udca5 <strong>Was macht diese Figur zu einem Must-have?<\/strong><\/p>\n<ul>\n<li>\ud83d\udd25 <strong>Dynamisches Design<\/strong>: Mit ihren heftigen Flammen und Sanjis unverkennbarem Stil f\u00e4ngt diese Figur seine coole Pers\u00f6nlichkeit perfekt ein.<\/li>\n<li>\ud83d\udd74\ufe0f <strong>Zwei ikonische Looks<\/strong>: Egal, ob du seinen eleganten schwarzen Anzug oder den stilvollen wei\u00dfen bevorzugst, diese Figur kommt mit beiden Looks!<\/li>\n<li>\ud83d\udcaa <strong>Perfekt f\u00fcr Fans<\/strong>: Sanjis Reise auf der Suche nach dem legend\u00e4ren All Blue ist einer der inspirierendsten Handlungsstr\u00e4nge, und diese Figur symbolisiert dieses Abenteuer.<\/li>\n<\/ul>\n<p><strong>Warum Sanji ein Fan-Liebling ist:<\/strong><\/p>\n<ul>\n<li>\ud83c\udf73 Weltklasse-Koch f\u00fcr die Strohhutpiraten!<\/li>\n<li>\ud83d\udc4a Unschlagbare Kampff\u00e4higkeiten mit seinen feurigen Tritten!<\/li>\n<li>\ud83d\udc94 Ein Herz aus Gold und Ritterlichkeit f\u00fcr die Damenwelt!<\/li>\n<\/ul>\n<p>\ud83d\udd17 <strong>Verpassen Sie es nicht!<\/strong> Andere Fans schw\u00e4rmen von diesem Sammlerst\u00fcck - f\u00fcgen Sie es noch heute Ihrer Sammlung hinzu!<\/p>","protected":false},"excerpt":{"rendered":"<p>\ud83d\udd25 VINSMOKE SANJI FIGURE \u2014 THE FUTURE ALL BLUE COOK FROM ONE PIECE\u2122 \ud83d\udd25 \ud83d\udda4 Loved by fans all over<\/p>","protected":false},"featured_media":16715,"comment_status":"open","ping_status":"closed","template":"","meta":[],"product_brand":[],"product_cat":[696],"product_tag":[683],"class_list":{"0":"post-16803","1":"product","2":"type-product","3":"status-publish","4":"has-post-thumbnail","6":"product_cat-one-piece","7":"product_tag-one-piece","9":"first","10":"instock","11":"sale","12":"taxable","13":"shipping-taxable","14":"purchasable","15":"product-type-variable","16":"has-default-attributes"},"jetpack_sharing_enabled":true,"_links":{"self":[{"href":"https:\/\/standify.org\/de\/wp-json\/wp\/v2\/product\/16803","targetHints":{"allow":["GET"]}}],"collection":[{"href":"https:\/\/standify.org\/de\/wp-json\/wp\/v2\/product"}],"about":[{"href":"https:\/\/standify.org\/de\/wp-json\/wp\/v2\/types\/product"}],"replies":[{"embeddable":true,"href":"https:\/\/standify.org\/de\/wp-json\/wp\/v2\/comments?post=16803"}],"version-history":[{"count":2,"href":"https:\/\/standify.org\/de\/wp-json\/wp\/v2\/product\/16803\/revisions"}],"predecessor-version":[{"id":16900,"href":"https:\/\/standify.org\/de\/wp-json\/wp\/v2\/product\/16803\/revisions\/16900"}],"wp:featuredmedia":[{"embeddable":true,"href":"https:\/\/standify.org\/de\/wp-json\/wp\/v2\/media\/16715"}],"wp:attachment":[{"href":"https:\/\/standify.org\/de\/wp-json\/wp\/v2\/media?parent=16803"}],"wp:term":[{"taxonomy":"product_brand","embeddable":true,"href":"https:\/\/standify.org\/de\/wp-json\/wp\/v2\/product_brand?post=16803"},{"taxonomy":"product_cat","embeddable":true,"href":"https:\/\/standify.org\/de\/wp-json\/wp\/v2\/product_cat?post=16803"},{"taxonomy":"product_tag","embeddable":true,"href":"https:\/\/standify.org\/de\/wp-json\/wp\/v2\/product_tag?post=16803"}],"curies":[{"name":"wp","href":"https:\/\/api.w.org\/{rel}","templated":true}]}}