{"id":16801,"date":"2024-10-16T22:43:39","date_gmt":"2024-10-16T12:43:39","guid":{"rendered":"https:\/\/standify.org\/shop\/luffy-zoro-car-vent-companions\/"},"modified":"2026-04-16T23:30:14","modified_gmt":"2026-04-16T13:30:14","slug":"luffy-zoro-car-vent-companions","status":"publish","type":"product","link":"https:\/\/standify.org\/de\/shop\/luffy-zoro-car-vent-companions\/","title":{"rendered":"Luffy &amp; Zoro Auto-Ventilator-Begleiter"},"content":{"rendered":"<p>\ud83d\ude97 <strong>Luffy\/Zoro One Piece Car Vent Figur<\/strong> - Ein Must-Have f\u00fcr jeden Piratenfan! \ud83c\udff4\u200d\u2620\ufe0f<\/p>\n<p>\ud83c\udf00 <strong>Verwandeln Sie Ihr Fahrzeug:<\/strong> Mit diesen kultigen Figuren von Luffy und Zoro, den beliebten Strohhutpiraten, die dir auf jeder Fahrt Gesellschaft leisten, werden deine Autoabenteuer zu einem ganz neuen Erlebnis! Egal, ob du zur Arbeit f\u00e4hrst oder zu neuen Zielen aufbrichst, diese dynamischen Duo-Figuren bringen einen Hauch von Abenteuer und Stil in dein Auto!<\/p>\n<p>\u2728 <strong>Warum Sie es lieben werden:<\/strong><\/p>\n<ul>\n<li>\ud83d\udca8 <strong>Passt perfekt auf jede Autoentl\u00fcftung<\/strong> - Super einfach zu befestigen und zu entfernen!<\/li>\n<li>\ud83c\udfc6 <strong>Von Fans hoch bewertet<\/strong> - Schlie\u00dfe dich Tausenden von One Piece-Liebhabern an, die ihre Autos cooler gemacht haben!<\/li>\n<li>\ud83c\udf81 <strong>Perfektes Geschenk f\u00fcr One Piece Fans<\/strong> - Das ultimative Autozubeh\u00f6r f\u00fcr Sammler und Fans gleicherma\u00dfen.<\/li>\n<li>\ud83d\udca5 <strong>Langlebig &amp; Hochwertig<\/strong> - Diese Figuren sind so konzipiert, dass sie den St\u00f6\u00dfen Ihrer Reisen standhalten!<\/li>\n<\/ul>\n<p>\ud83d\udcac <strong>Was andere Fans sagen:<\/strong><\/p>\n<ul>\n<li>\"Mit Luffy macht meine Fahrt viel mehr Spa\u00df!\" \ud83e\udde2\ud83c\udf0a<\/li>\n<li>\"Zoro h\u00e4lt mich auf dem Laufenden... auch wenn er sich manchmal verirrt!\" \ud83d\udde1\ufe0f<\/li>\n<li>\"Habe beides geschenkt bekommen, jetzt f\u00fchlt sich mein Auto an wie der Thousand Sunny!\" \ud83d\udea2<\/li>\n<\/ul>\n<p>\ud83d\udd17 <strong>Bestellen Sie jetzt<\/strong> und schlie\u00dfe dich der Strohhut-Crew an, wenn du unterwegs bist! \ud83c\udf1f<\/p>","protected":false},"excerpt":{"rendered":"<p>\ud83d\ude97 Luffy\/Zoro One Piece Car Vent Figurine \u2013 A Must-Have for Every Pirate Fan! \ud83c\udff4\u200d\u2620\ufe0f \ud83c\udf00 Transform Your Ride: Take<\/p>","protected":false},"featured_media":16791,"comment_status":"open","ping_status":"closed","template":"","meta":[],"product_brand":[],"product_cat":[696,18],"product_tag":[683,684],"class_list":{"0":"post-16801","1":"product","2":"type-product","3":"status-publish","4":"has-post-thumbnail","6":"product_cat-one-piece","7":"product_cat-action-figure","8":"product_tag-one-piece","9":"product_tag-luffy","11":"first","12":"instock","13":"sale","14":"taxable","15":"shipping-taxable","16":"purchasable","17":"product-type-variable"},"jetpack_sharing_enabled":true,"_links":{"self":[{"href":"https:\/\/standify.org\/de\/wp-json\/wp\/v2\/product\/16801","targetHints":{"allow":["GET"]}}],"collection":[{"href":"https:\/\/standify.org\/de\/wp-json\/wp\/v2\/product"}],"about":[{"href":"https:\/\/standify.org\/de\/wp-json\/wp\/v2\/types\/product"}],"replies":[{"embeddable":true,"href":"https:\/\/standify.org\/de\/wp-json\/wp\/v2\/comments?post=16801"}],"version-history":[{"count":3,"href":"https:\/\/standify.org\/de\/wp-json\/wp\/v2\/product\/16801\/revisions"}],"predecessor-version":[{"id":16901,"href":"https:\/\/standify.org\/de\/wp-json\/wp\/v2\/product\/16801\/revisions\/16901"}],"wp:featuredmedia":[{"embeddable":true,"href":"https:\/\/standify.org\/de\/wp-json\/wp\/v2\/media\/16791"}],"wp:attachment":[{"href":"https:\/\/standify.org\/de\/wp-json\/wp\/v2\/media?parent=16801"}],"wp:term":[{"taxonomy":"product_brand","embeddable":true,"href":"https:\/\/standify.org\/de\/wp-json\/wp\/v2\/product_brand?post=16801"},{"taxonomy":"product_cat","embeddable":true,"href":"https:\/\/standify.org\/de\/wp-json\/wp\/v2\/product_cat?post=16801"},{"taxonomy":"product_tag","embeddable":true,"href":"https:\/\/standify.org\/de\/wp-json\/wp\/v2\/product_tag?post=16801"}],"curies":[{"name":"wp","href":"https:\/\/api.w.org\/{rel}","templated":true}]}}