{"id":16790,"date":"2024-10-16T22:43:36","date_gmt":"2024-10-16T12:43:36","guid":{"rendered":"https:\/\/standify.org\/shop\/roronoa-zoro-three-sword-style-haki-action-figure-one-piece-collectible-16-cm\/"},"modified":"2026-04-13T05:46:24","modified_gmt":"2026-04-12T19:46:24","slug":"roronoa-zoro-three-sword-style-haki-action-figure-one-piece-collectible-16-cm","status":"publish","type":"product","link":"https:\/\/standify.org\/de\/shop\/roronoa-zoro-three-sword-style-haki-action-figure-one-piece-collectible-16-cm\/","title":{"rendered":"Roronoa Zoro Drei-Schwert-Stil Haki Action Figur - One Piece Sammlerst\u00fcck (16 cm)"},"content":{"rendered":"<p>\ud83d\udd25 <strong>Schlie\u00dfe dich Tausenden von One Piece-Fans an!<\/strong> Diese <strong>Roronoa Zoro<\/strong> Figur ist ein Fan-Favorit! Sammler und Enthusiasten schw\u00e4rmen von der unglaublichen Detailtreue und Handwerkskunst! Verpassen Sie es nicht, dieses kultige St\u00fcck in Ihre Sammlung aufzunehmen! \ud83d\ude0d<\/p>\n<p><strong>\ud83c\udf1f Warum Sie diese epische Figur brauchen:<\/strong><\/p>\n<ul>\n<li>\ud83d\udde1\ufe0f <strong>Drei legend\u00e4re Schwerter<\/strong> - Wado Ichimonji, Sandai Kitetsu und Enma, alle perfekt nachgebildet!<\/li>\n<li>\ud83d\udca5 <strong>Durchtr\u00e4nkt mit Haki-Kraft<\/strong> - Sp\u00fcre die Intensit\u00e4t von Zoros Haki, die von jeder Klinge ausgeht!<\/li>\n<li>\ud83d\udcaa <strong>Dynamische Action-Pose<\/strong> - Zeigt Zoros Santoryu (Drei-Schwerter-Stil) in seiner ganzen Pracht!<\/li>\n<li>\ud83c\udfa8 <strong>Hervorragende Handwerkskunst<\/strong> - Akribisch detailliert, von seinen Kampfnarben bis zu seiner kraftvollen Haltung!<\/li>\n<li>\ud83c\udfaf <strong>16 cm der reinen Genialit\u00e4t<\/strong> - Eine perfekte Gr\u00f6\u00dfe f\u00fcr jedes Regal oder jeden Schreibtisch!<\/li>\n<\/ul>\n<p><strong>Was die Fans sagen:<\/strong> \ud83d\udcac <em>\"Diese Figur ist so lebensecht, dass man Zoros Kraft fast sp\u00fcren kann!\"<\/em><br \/>\n\ud83d\udcac <em>\"Ein absolutes Muss f\u00fcr jeden One Piece-Liebhaber!\"<\/em><br \/>\n\ud83d\udcac <em>\"Die Details sind unglaublich, besonders der Haki-Effekt auf den Schwertern!\"<\/em><\/p>\n<p>\ud83c\udff4\u200d\u2620\ufe0f <strong>Werden Sie Teil der Crew!<\/strong> Egal, ob du ein eingefleischter One Piece-Fan oder ein Sammler von epischen Figuren bist, diese Zoro-Statue ist eine unverzichtbare Erg\u00e4nzung deiner Sammlung. Zoros legend\u00e4re St\u00e4rke, Entschlossenheit und Loyalit\u00e4t sind in dieser beeindruckenden Pose eingefangen! \u2694\ufe0f<\/p>\n<p>\ud83d\udca5 <strong>Begrenzter Vorrat verf\u00fcgbar - warten Sie nicht!<\/strong> Klicken Sie jetzt auf \"In den Warenkorb\" und sichern Sie sich Ihren Platz unter den Tausenden, die diese Zoro-Figur bereits zum Kronjuwel ihrer Sammlung gemacht haben!<\/p>","protected":false},"excerpt":{"rendered":"<p>\ud83d\udd25 Schlie\u00df dich Tausenden von One Piece Fans an! Diese Roronoa Zoro Figur ist ein Fan-Favorit! Sammler und Enthusiasten schw\u00e4rmen<\/p>","protected":false},"featured_media":16767,"comment_status":"open","ping_status":"closed","template":"","meta":[],"product_brand":[],"product_cat":[696,18],"product_tag":[683],"class_list":{"0":"post-16790","1":"product","2":"type-product","3":"status-publish","4":"has-post-thumbnail","6":"product_cat-one-piece","7":"product_cat-action-figure","8":"product_tag-one-piece","10":"first","11":"instock","12":"sale","13":"taxable","14":"shipping-taxable","15":"purchasable","16":"product-type-simple"},"jetpack_sharing_enabled":true,"_links":{"self":[{"href":"https:\/\/standify.org\/de\/wp-json\/wp\/v2\/product\/16790","targetHints":{"allow":["GET"]}}],"collection":[{"href":"https:\/\/standify.org\/de\/wp-json\/wp\/v2\/product"}],"about":[{"href":"https:\/\/standify.org\/de\/wp-json\/wp\/v2\/types\/product"}],"replies":[{"embeddable":true,"href":"https:\/\/standify.org\/de\/wp-json\/wp\/v2\/comments?post=16790"}],"version-history":[{"count":2,"href":"https:\/\/standify.org\/de\/wp-json\/wp\/v2\/product\/16790\/revisions"}],"predecessor-version":[{"id":16887,"href":"https:\/\/standify.org\/de\/wp-json\/wp\/v2\/product\/16790\/revisions\/16887"}],"wp:featuredmedia":[{"embeddable":true,"href":"https:\/\/standify.org\/de\/wp-json\/wp\/v2\/media\/16767"}],"wp:attachment":[{"href":"https:\/\/standify.org\/de\/wp-json\/wp\/v2\/media?parent=16790"}],"wp:term":[{"taxonomy":"product_brand","embeddable":true,"href":"https:\/\/standify.org\/de\/wp-json\/wp\/v2\/product_brand?post=16790"},{"taxonomy":"product_cat","embeddable":true,"href":"https:\/\/standify.org\/de\/wp-json\/wp\/v2\/product_cat?post=16790"},{"taxonomy":"product_tag","embeddable":true,"href":"https:\/\/standify.org\/de\/wp-json\/wp\/v2\/product_tag?post=16790"}],"curies":[{"name":"wp","href":"https:\/\/api.w.org\/{rel}","templated":true}]}}