{"id":16753,"date":"2024-10-16T22:42:49","date_gmt":"2024-10-16T12:42:49","guid":{"rendered":"https:\/\/standify.org\/shop\/luffy-5th-gear-ultimate-edition-figure\/"},"modified":"2026-04-24T13:51:36","modified_gmt":"2026-04-24T03:51:36","slug":"luffy-5th-gear-ultimate-edition-figure","status":"publish","type":"product","link":"https:\/\/standify.org\/de\/shop\/luffy-5th-gear-ultimate-edition-figure\/","title":{"rendered":"Luffy 5th Gear ULTIMATE EDITION Figur"},"content":{"rendered":"<p>\ud83c\udf00 <strong>Entfessle die Macht des zuk\u00fcnftigen Piratenk\u00f6nigs!<\/strong> \ud83c\udf00<\/p>\n<p>\ud83d\udd25 <strong>Monkey D. Luffy Gear 5 Figur<\/strong> \ud83d\udd25<\/p>\n<p>\ud83d\udc51 Erlebe das Abenteuer mit der ultimativen Figur des <strong>Luffy<\/strong>der zuk\u00fcnftige K\u00f6nig der Piraten, aus dem legend\u00e4ren <strong>One Piece\u2122.<\/strong> Serie! \ud83d\udcaa Machen Sie sich bereit, die Magie seiner <strong>Umwandlung von Gang 5<\/strong>die <strong>Reinkarnation von Joy Boy<\/strong>in diesem hochwertigen Sammlerst\u00fcck!<\/p>\n<p><strong>\ud83c\udf1f Hauptmerkmale:<\/strong><\/p>\n<ul>\n<li>\ud83d\udccf <strong>Gr\u00f6\u00dfe:<\/strong> 16 cm purer Luffy-Fantastik<\/li>\n<li>\ud83c\udfa8 <strong>Entwurf:<\/strong> Authentisch zum Manga, jedes Detail seiner Verwandlung einfangend!<\/li>\n<li>\ud83d\udce6 <strong>Verpackung:<\/strong> Kommt im <strong>Original Box<\/strong>-perfekt f\u00fcr Sammler!<\/li>\n<li>\ud83d\udcaf <strong>Qualit\u00e4t:<\/strong> Premiumausf\u00fchrung f\u00fcr echte One Piece Fans \ud83d\udd1d<\/li>\n<\/ul>\n<p><strong>\ud83d\ude80 Warum Sie es lieben werden:<\/strong><\/p>\n<ul>\n<li><strong>Ikonischer Charakter:<\/strong> Monkey D. Luffy, alias <strong>\"Mugiwara\"<\/strong>ist der unaufhaltsame Kapit\u00e4n der <strong>Strohhut-Piraten<\/strong>und konkurriert jetzt mit dem st\u00e4rksten Yonko der Welt! \ud83c\udff4\u200d\u2620\ufe0f<\/li>\n<li><strong>Epische Transformation:<\/strong> Luffy's Gear 5 ist sein bestes <strong>starke Form<\/strong>, die die Kraft von <strong>Waffenkunde Haki<\/strong> und die <strong>K\u00f6nigshaki<\/strong>! \u2694\ufe0f<\/li>\n<li><strong>Die Reise eines Helden:<\/strong> Vom versehentlichen Verzehr des <strong>Gomu Gomu no Mi<\/strong> \ud83c\udf4e bis hin zu einer Naturgewalt, Luffys Geschichte ist legend\u00e4r! \ud83c\udf0a<\/li>\n<\/ul>\n<p><strong>\ud83d\udca5 Warum soziale Beweise wichtig sind:<\/strong><\/p>\n<ul>\n<li>\ud83c\udf10 <strong>Ein St\u00fcck<\/strong> hat die Herzen von Millionen von Menschen weltweit erobert - schlie\u00dfen Sie sich den unz\u00e4hligen Fans an, die diese Figur bereits in ihre Sammlung aufgenommen haben! \ud83d\udca5<\/li>\n<li>\ud83c\udfc6 Luffy's Gear 5 ist ein <strong>Muss man haben<\/strong> f\u00fcr Sammler, die das <strong>Onigashima-Kriegsbogen<\/strong>-ein echtes Statement!<\/li>\n<\/ul>\n<p><strong>\ud83c\udf0a Bist du bereit, die Meere zu erobern?<\/strong> Diese Figur macht deine Sammlung zu etwas ganz Besonderem und verwandelt dein Zimmer in eine Welt voller Shonen! Verpassen Sie es nicht - holen Sie sich Ihre <strong>Monkey D. Luffy Gear 5 Figur<\/strong> heute!<\/p>\n<p>\u26a1 <strong>Mitglied der Crew<\/strong> und kanalisiere die Macht des Piratenk\u00f6nigs! \u26a1<\/p>","protected":false},"excerpt":{"rendered":"<p>\ud83c\udf00 Entfessle die Macht des zuk\u00fcnftigen Piratenk\u00f6nigs! \ud83c\udf00 \ud83d\udd25 Monkey D. Luffy Gear 5 Figur \ud83d\udd25 \ud83d\udc51 Mitmachen<\/p>","protected":false},"featured_media":16747,"comment_status":"open","ping_status":"closed","template":"","meta":[],"product_brand":[],"product_cat":[696,18],"product_tag":[683,684],"class_list":{"0":"post-16753","1":"product","2":"type-product","3":"status-publish","4":"has-post-thumbnail","6":"product_cat-one-piece","7":"product_cat-action-figure","8":"product_tag-one-piece","9":"product_tag-luffy","11":"first","12":"instock","13":"sale","14":"taxable","15":"shipping-taxable","16":"purchasable","17":"product-type-simple"},"jetpack_sharing_enabled":true,"_links":{"self":[{"href":"https:\/\/standify.org\/de\/wp-json\/wp\/v2\/product\/16753","targetHints":{"allow":["GET"]}}],"collection":[{"href":"https:\/\/standify.org\/de\/wp-json\/wp\/v2\/product"}],"about":[{"href":"https:\/\/standify.org\/de\/wp-json\/wp\/v2\/types\/product"}],"replies":[{"embeddable":true,"href":"https:\/\/standify.org\/de\/wp-json\/wp\/v2\/comments?post=16753"}],"version-history":[{"count":2,"href":"https:\/\/standify.org\/de\/wp-json\/wp\/v2\/product\/16753\/revisions"}],"predecessor-version":[{"id":16891,"href":"https:\/\/standify.org\/de\/wp-json\/wp\/v2\/product\/16753\/revisions\/16891"}],"wp:featuredmedia":[{"embeddable":true,"href":"https:\/\/standify.org\/de\/wp-json\/wp\/v2\/media\/16747"}],"wp:attachment":[{"href":"https:\/\/standify.org\/de\/wp-json\/wp\/v2\/media?parent=16753"}],"wp:term":[{"taxonomy":"product_brand","embeddable":true,"href":"https:\/\/standify.org\/de\/wp-json\/wp\/v2\/product_brand?post=16753"},{"taxonomy":"product_cat","embeddable":true,"href":"https:\/\/standify.org\/de\/wp-json\/wp\/v2\/product_cat?post=16753"},{"taxonomy":"product_tag","embeddable":true,"href":"https:\/\/standify.org\/de\/wp-json\/wp\/v2\/product_tag?post=16753"}],"curies":[{"name":"wp","href":"https:\/\/api.w.org\/{rel}","templated":true}]}}