{"id":1623,"date":"2024-02-28T13:11:58","date_gmt":"2024-02-28T13:11:58","guid":{"rendered":"https:\/\/standify.org\/?post_type=product&#038;p=1623"},"modified":"2026-01-25T23:17:28","modified_gmt":"2026-01-25T13:17:28","slug":"silicon-cases-for-nintendo-switch","status":"publish","type":"product","link":"https:\/\/standify.org\/de\/shop\/silicon-cases-for-nintendo-switch\/","title":{"rendered":"Silikonh\u00fcllen f\u00fcr Nintendo Switch"},"content":{"rendered":"<h3>\ud83c\udf1f Ultimativer Schutz f\u00fcr Ihre Nintendo Switch - Weiche Silikonh\u00fcllen \ud83c\udfae<\/h3>\n<h4>\ud83d\udee1\ufe0f Halten Sie Ihre Spielkonsole sicher und stilvoll!<\/h4>\n<p>\ud83d\udc49 <strong>Produkt\u00fcbersicht:<\/strong><\/p>\n<ul>\n<li><strong>Material:<\/strong> Premium-Soft-Silikon<\/li>\n<li><strong>Kompatibilit\u00e4t:<\/strong> Passt perfekt zur Nintendo Switch<\/li>\n<li><strong>Sorte:<\/strong> Erh\u00e4ltlich in mehreren Farben<\/li>\n<\/ul>\n<p>\ud83c\udfa8 <strong>Lebendig und auffallend:<\/strong><\/p>\n<ul>\n<li>W\u00e4hlen Sie aus einer Reihe von Farben, die zu Ihrem Stil passen.<\/li>\n<li>Helle, verblassungsresistente Farbt\u00f6ne, die Ihre Switch gro\u00dfartig aussehen lassen.<\/li>\n<\/ul>\n<p>\ud83d\udee1\ufe0f <strong>\u00dcberlegener Schutz:<\/strong><\/p>\n<ul>\n<li>Hochwertiges Silikonmaterial sch\u00fctzt Ihr Ger\u00e4t vor St\u00fcrzen und Kratzern.<\/li>\n<li>Flexibles, sto\u00dfd\u00e4mpfendes Design f\u00fcr ultimativen Schutz.<\/li>\n<\/ul>\n<p>\ud83d\udc4c <strong>Ergonomisches Design:<\/strong><\/p>\n<ul>\n<li>Erh\u00f6ht den Spielkomfort.<\/li>\n<li>Einfacher Zugang zu allen Tasten und Anschl\u00fcssen, ohne das Geh\u00e4use abnehmen zu m\u00fcssen.<\/li>\n<\/ul>\n<p>\ud83c\udf0d <strong>Umweltvertr\u00e4glich und langlebig:<\/strong><\/p>\n<ul>\n<li>Hergestellt aus umweltfreundlichen Materialien.<\/li>\n<li>Langlebig und leicht zu reinigen.<\/li>\n<\/ul>\n<p>\ud83d\ude80 <strong>Einfache Installation:<\/strong><\/p>\n<ul>\n<li>Eng anliegend f\u00fcr einfaches Anbringen und Entfernen.<\/li>\n<li>Keine Werkzeuge erforderlich.<\/li>\n<\/ul>\n<p>\ud83d\udca1 <strong>Warum sollten Sie unsere Nintendo Switch Silikonh\u00fcllen w\u00e4hlen?<\/strong><\/p>\n<ul>\n<li>\ud83c\udf1f Stilvoll und praktisch.<\/li>\n<li>\ud83d\udee1\ufe0f Einzigartiger Schutz.<\/li>\n<li>\ud83d\udcaf Zufriedenheitsgarantie.<\/li>\n<\/ul>\n<p>\ud83d\uded2 <strong>Jetzt in den Warenkorb legen<\/strong> f\u00fcr ein sichereres, farbenfroheres Spielerlebnis! \ud83c\udf89<\/p>","protected":false},"excerpt":{"rendered":"<p>\ud83c\udf1f Ultimate Protection for Your Nintendo Switch &#8211; Soft Silicon Cases \ud83c\udfae \ud83d\udee1\ufe0f Keep Your Gaming Console Safe and Stylish!<\/p>","protected":false},"featured_media":1642,"comment_status":"open","ping_status":"closed","template":"","meta":[],"product_brand":[],"product_cat":[16],"product_tag":[22],"class_list":{"0":"post-1623","1":"product","2":"type-product","3":"status-publish","4":"has-post-thumbnail","6":"product_cat-standify","7":"product_tag-for-her","9":"first","10":"instock","11":"taxable","12":"shipping-taxable","13":"purchasable","14":"product-type-variable"},"jetpack_sharing_enabled":true,"_links":{"self":[{"href":"https:\/\/standify.org\/de\/wp-json\/wp\/v2\/product\/1623","targetHints":{"allow":["GET"]}}],"collection":[{"href":"https:\/\/standify.org\/de\/wp-json\/wp\/v2\/product"}],"about":[{"href":"https:\/\/standify.org\/de\/wp-json\/wp\/v2\/types\/product"}],"replies":[{"embeddable":true,"href":"https:\/\/standify.org\/de\/wp-json\/wp\/v2\/comments?post=1623"}],"version-history":[{"count":1,"href":"https:\/\/standify.org\/de\/wp-json\/wp\/v2\/product\/1623\/revisions"}],"predecessor-version":[{"id":35783,"href":"https:\/\/standify.org\/de\/wp-json\/wp\/v2\/product\/1623\/revisions\/35783"}],"wp:featuredmedia":[{"embeddable":true,"href":"https:\/\/standify.org\/de\/wp-json\/wp\/v2\/media\/1642"}],"wp:attachment":[{"href":"https:\/\/standify.org\/de\/wp-json\/wp\/v2\/media?parent=1623"}],"wp:term":[{"taxonomy":"product_brand","embeddable":true,"href":"https:\/\/standify.org\/de\/wp-json\/wp\/v2\/product_brand?post=1623"},{"taxonomy":"product_cat","embeddable":true,"href":"https:\/\/standify.org\/de\/wp-json\/wp\/v2\/product_cat?post=1623"},{"taxonomy":"product_tag","embeddable":true,"href":"https:\/\/standify.org\/de\/wp-json\/wp\/v2\/product_tag?post=1623"}],"curies":[{"name":"wp","href":"https:\/\/api.w.org\/{rel}","templated":true}]}}