{"id":14281,"date":"2024-06-25T04:06:30","date_gmt":"2024-06-24T18:06:30","guid":{"rendered":"https:\/\/standify.org\/shop\/anime-gym-shorts\/"},"modified":"2026-05-03T06:15:16","modified_gmt":"2026-05-02T20:15:16","slug":"anime-gym-shorts","status":"publish","type":"product","link":"https:\/\/standify.org\/de\/shop\/anime-gym-shorts\/","title":{"rendered":"Anime-Turnhallen-Shorts"},"content":{"rendered":"<p><strong>Hervorragendes Material: Die 2 In 1 Herren-Shorts sind aus Polyester + Spandex aufger\u00fcstet Stoff, weich und bequem, die 4-Wege-Stretch-Technologie f\u00f6rdert flexible und freie Bewegung. Der schnell trocknende Stoff wird nicht das Gef\u00fchl, stickig w\u00e4hrend des Trainings, k\u00fchl, atmungsaktiv und komfortabel.<\/strong><\/p>\n<p>Perfektes Design: Der Kordelzug in der Taille kann an Ihre Figur angepasst werden, und der Gummizug in der Taille sorgt f\u00fcr maximalen Komfort. Zwei Seitentaschen, genug, um Telefon, Geldb\u00f6rse und andere kleine Gegenst\u00e4nde zu tragen.<\/p>\n<p>Upgrade-Futter: Das Innenfutter ist verst\u00e4rkt und elastischer. Sie k\u00f6nnen den Unterschied zwischen ihm und gew\u00f6hnlichen Shorts f\u00fchlen, wenn Sie es ber\u00fchren, und es hat eine h\u00f6here Qualit\u00e4t Erfahrung. Der Stoff ist fein in der Verarbeitung, zart und bequem, und hat kein schlechtes Gef\u00fchl wie Reibung.<\/p>\n<p>Einzigartiger Druck: Das grafische Druckdesign sorgt f\u00fcr einen stilvollen Look, inspiriert von Ihrem Lieblings-Anime-Charakter, modisch und cool.<\/p>\n<p>Anwendbare Szenarien: Die 2-in-1-Shorts eignen sich f\u00fcr zu Hause tragen, im Freien laufen, Sport, Fitnessstudio, \u00dcbung, Yoga, Strand und andere Gelegenheiten, mit hohem Komfort, klassischen und modischen Stil.<\/p>\n<p>Tipps zum Waschen: Kann mit der Hand oder Maschine gewaschen werden. Die Farbe wird nach wiederholter Reinigung nicht verblassen. Nicht bleichen.<br \/>\n<img decoding=\"async\" src=\"https:\/\/ae01.alicdn.com\/kf\/S7696f4a1b2a7483fbbfa3933408d6b6fz.jpg?width=606&amp;height=340&amp;hash=946\" alt=\"Standify Anime Dragon Ball Z-Figuren und Goku Kopfh\u00f6rerst\u00e4nder\"><br \/>\n<img decoding=\"async\" src=\"https:\/\/ae01.alicdn.com\/kf\/Sfdae12f0a0b54f5ea6f1c6e12f26aebbB.jpg?width=800&amp;height=800&amp;hash=1600\" alt=\"Standify Anime Dragon Ball Z-Figuren und Goku Kopfh\u00f6rerst\u00e4nder\"><br \/>\n<strong>. <\/strong> <img decoding=\"async\" src=\"https:\/\/ae01.alicdn.com\/kf\/Sb9bc18c5b15d4a6f89911f7bb4a35161d.jpg?width=800&amp;height=800&amp;hash=1600\" alt=\"Standify Anime Dragon Ball Z-Figuren und Goku Kopfh\u00f6rerst\u00e4nder\">\u00a0<img decoding=\"async\" src=\"https:\/\/ae01.alicdn.com\/kf\/Sdae5e77c1f224ec2a2765f75c49da18aQ.jpg?width=750&amp;height=1333&amp;hash=2083\" alt=\"Standify Anime Dragon Ball Z-Figuren und Goku Kopfh\u00f6rerst\u00e4nder\"> <img decoding=\"async\" src=\"https:\/\/ae01.alicdn.com\/kf\/S2b118ff0eeff486c81e12e57f35b580eH.jpg?width=800&amp;height=800&amp;hash=1600\" alt=\"Standify Anime Dragon Ball Z-Figuren und Goku Kopfh\u00f6rerst\u00e4nder\"> <img decoding=\"async\" src=\"https:\/\/ae01.alicdn.com\/kf\/S93043a3799ce48549641fa1c266d6e2eI.jpg?width=800&amp;height=800&amp;hash=1600\" alt=\"Standify Anime Dragon Ball Z-Figuren und Goku Kopfh\u00f6rerst\u00e4nder\"> <img decoding=\"async\" src=\"https:\/\/ae01.alicdn.com\/kf\/Sf06bec503a9a47389f8fc3b8ec2d225eU.jpg?width=800&amp;height=800&amp;hash=1600\" alt=\"Standify Anime Dragon Ball Z-Figuren und Goku Kopfh\u00f6rerst\u00e4nder\"> <img decoding=\"async\" src=\"https:\/\/ae01.alicdn.com\/kf\/S4a24b1b0b9bd45dca0d8c52cedde39eaW.jpg?width=800&amp;height=800&amp;hash=1600\" alt=\"Standify Anime Dragon Ball Z-Figuren und Goku Kopfh\u00f6rerst\u00e4nder\"><\/p>","protected":false},"excerpt":{"rendered":"<p>Hervorragendes Material: Die 2 In 1 Herren-Shorts sind aus Polyester + Elasthan aufger\u00fcstet Stoff, weich und bequem, die<\/p>","protected":false},"featured_media":14227,"comment_status":"open","ping_status":"closed","template":"","meta":[],"product_brand":[],"product_cat":[641,16,20],"product_tag":[],"class_list":{"0":"post-14281","1":"product","2":"type-product","3":"status-publish","4":"has-post-thumbnail","6":"product_cat-dragon-ball-z-super-saiyan","7":"product_cat-standify","8":"product_cat-apparel","10":"first","11":"instock","12":"sale","13":"taxable","14":"shipping-taxable","15":"purchasable","16":"product-type-variable"},"jetpack_sharing_enabled":true,"_links":{"self":[{"href":"https:\/\/standify.org\/de\/wp-json\/wp\/v2\/product\/14281","targetHints":{"allow":["GET"]}}],"collection":[{"href":"https:\/\/standify.org\/de\/wp-json\/wp\/v2\/product"}],"about":[{"href":"https:\/\/standify.org\/de\/wp-json\/wp\/v2\/types\/product"}],"replies":[{"embeddable":true,"href":"https:\/\/standify.org\/de\/wp-json\/wp\/v2\/comments?post=14281"}],"version-history":[{"count":0,"href":"https:\/\/standify.org\/de\/wp-json\/wp\/v2\/product\/14281\/revisions"}],"wp:featuredmedia":[{"embeddable":true,"href":"https:\/\/standify.org\/de\/wp-json\/wp\/v2\/media\/14227"}],"wp:attachment":[{"href":"https:\/\/standify.org\/de\/wp-json\/wp\/v2\/media?parent=14281"}],"wp:term":[{"taxonomy":"product_brand","embeddable":true,"href":"https:\/\/standify.org\/de\/wp-json\/wp\/v2\/product_brand?post=14281"},{"taxonomy":"product_cat","embeddable":true,"href":"https:\/\/standify.org\/de\/wp-json\/wp\/v2\/product_cat?post=14281"},{"taxonomy":"product_tag","embeddable":true,"href":"https:\/\/standify.org\/de\/wp-json\/wp\/v2\/product_tag?post=14281"}],"curies":[{"name":"wp","href":"https:\/\/api.w.org\/{rel}","templated":true}]}}