{"id":13687,"date":"2024-06-25T02:47:09","date_gmt":"2024-06-24T16:47:09","guid":{"rendered":"https:\/\/standify.org\/shop\/dbz-colorful-phone-cases\/"},"modified":"2025-12-11T07:17:05","modified_gmt":"2025-12-10T21:17:05","slug":"dbz-colorful-phone-cases","status":"publish","type":"product","link":"https:\/\/standify.org\/de\/shop\/dbz-colorful-phone-cases\/","title":{"rendered":"DBZ Bunte iPhone-H\u00fcllen"},"content":{"rendered":"<p>Power Up Your Phone mit Dragon Ball Z! \ud83d\udc09\ud83d\udca5<\/p>\n<p>Verwandle dein Ger\u00e4t in einen Super Saiyan mit unserer epischen DBZ-Taschenkollektion:<\/p>\n<p>\ud83d\udd25 Auff\u00e4llige Designs mit ikonischen Figuren \ud83d\udee1\ufe0f Langlebiger Schutz, der eines Z-Fighters w\u00fcrdig ist \ud83c\udfa8 Leuchtende Farben, die wie ein Kamehameha knallen<\/p>\n<p>W\u00e4hlen Sie Ihren K\u00e4mpfer:<\/p>\n<ul>\n<li>Piccolos grimmiges Gr\u00fcn und Lila<\/li>\n<li>Gokus Unterschrift in Orange und Blau \ud83d\udfe0\ud83d\udd35<\/li>\n<li>B\u00f6sartige dunkle T\u00f6ne f\u00fcr die Anti-Helden \ud83d\udda4<\/li>\n<\/ul>\n<p>Warum diese F\u00e4lle rocken:<\/p>\n<ol>\n<li>Sich von der Masse abheben<\/li>\n<li>Erlebe deine liebsten DBZ-Momente<\/li>\n<li>Unterhaltungen mit anderen Fans anregen<\/li>\n<li>Sch\u00fctzen Sie Ihr Telefon mit Stil<\/li>\n<\/ol>\n<p>Peppen Sie Ihr Ger\u00e4t auf! \ud83d\udcf1\u2b06\ufe0f Geben Sie sich nicht mit einer langweiligen H\u00fclle zufrieden. Zeigen Sie Ihr Leistungsniveau und Ihre Anime-Leidenschaft \u00fcberall, wo Sie hingehen!<\/p>\n<p>Bist du bereit f\u00fcr Super Saiyan? Hol dir jetzt deine DBZ-H\u00fclle und lass dein Handy seine endg\u00fcltige Form erreichen! \ud83d\udd25\ud83d\udc4a<\/p>","protected":false},"excerpt":{"rendered":"<p>Bring dein Handy mit Dragon Ball Z auf Trab! \ud83d\udc09\ud83d\udca5 Verwandle dein Ger\u00e4t in einen Super Saiyan mit unserem epischen DBZ<\/p>","protected":false},"featured_media":13669,"comment_status":"open","ping_status":"closed","template":"","meta":[],"product_brand":[],"product_cat":[641,658,16,20],"product_tag":[19],"class_list":{"0":"post-13687","1":"product","2":"type-product","3":"status-publish","4":"has-post-thumbnail","6":"product_cat-dragon-ball-z-super-saiyan","7":"product_cat-phone-cases","8":"product_cat-standify","9":"product_cat-apparel","10":"product_tag-clothing","12":"first","13":"instock","14":"sale","15":"taxable","16":"shipping-taxable","17":"purchasable","18":"product-type-variable","19":"has-default-attributes"},"jetpack_sharing_enabled":true,"_links":{"self":[{"href":"https:\/\/standify.org\/de\/wp-json\/wp\/v2\/product\/13687","targetHints":{"allow":["GET"]}}],"collection":[{"href":"https:\/\/standify.org\/de\/wp-json\/wp\/v2\/product"}],"about":[{"href":"https:\/\/standify.org\/de\/wp-json\/wp\/v2\/types\/product"}],"replies":[{"embeddable":true,"href":"https:\/\/standify.org\/de\/wp-json\/wp\/v2\/comments?post=13687"}],"version-history":[{"count":0,"href":"https:\/\/standify.org\/de\/wp-json\/wp\/v2\/product\/13687\/revisions"}],"wp:featuredmedia":[{"embeddable":true,"href":"https:\/\/standify.org\/de\/wp-json\/wp\/v2\/media\/13669"}],"wp:attachment":[{"href":"https:\/\/standify.org\/de\/wp-json\/wp\/v2\/media?parent=13687"}],"wp:term":[{"taxonomy":"product_brand","embeddable":true,"href":"https:\/\/standify.org\/de\/wp-json\/wp\/v2\/product_brand?post=13687"},{"taxonomy":"product_cat","embeddable":true,"href":"https:\/\/standify.org\/de\/wp-json\/wp\/v2\/product_cat?post=13687"},{"taxonomy":"product_tag","embeddable":true,"href":"https:\/\/standify.org\/de\/wp-json\/wp\/v2\/product_tag?post=13687"}],"curies":[{"name":"wp","href":"https:\/\/api.w.org\/{rel}","templated":true}]}}