{"id":1337,"date":"2023-12-07T13:06:08","date_gmt":"2023-12-07T13:06:08","guid":{"rendered":"https:\/\/standify.org\/?product=iron-glove-watch-charger"},"modified":"2024-03-12T00:34:21","modified_gmt":"2024-03-11T14:34:21","slug":"iron-glove-watch-charger","status":"publish","type":"product","link":"https:\/\/standify.org\/de\/shop\/iron-glove-watch-charger\/","title":{"rendered":"Iron Glove Uhren-Ladeger\u00e4t"},"content":{"rendered":"<div class=\"flex-1 overflow-hidden\">\n<div class=\"react-scroll-to-bottom--css-ejqgo-79elbk h-full\">\n<div class=\"react-scroll-to-bottom--css-ejqgo-1n7m0yu\">\n<div class=\"flex flex-col pb-9 text-sm\">\n<div class=\"w-full text-token-text-primary\" data-testid=\"conversation-turn-7\">\n<div class=\"px-4 py-2 justify-center text-base md:gap-6 m-auto\">\n<div class=\"flex flex-1 text-base mx-auto gap-3 md:px-5 lg:px-1 xl:px-5 md:max-w-3xl lg:max-w-[40rem] xl:max-w-[48rem] } group final-completion\">\n<div class=\"relative flex w-full flex-col lg:w-[calc(100%-115px)] agent-turn\">\n<div class=\"flex-col gap-1 md:gap-3\">\n<div class=\"flex flex-grow flex-col max-w-full\">\n<div class=\"min-h-[20px] text-message flex flex-col items-start gap-3 whitespace-pre-wrap break-words [.text-message+&amp;]:mt-5 overflow-x-auto\" data-message-id=\"2903b25e-baf7-4105-9259-3ac0be7fca16\" data-message-author-role=\"assistant\">\n<div class=\"markdown prose w-full break-words dark:prose-invert dark\">\n<p>Laden Sie Ihre Uhr mit Stil auf! \u26a1\ud83d\udd25<\/p>\n<p>\ud83e\udd16 Kompatibel mit allen Apple Watch Modellen.<br \/>\n\ud83c\udfa8 Antikes Metallic-Design f\u00fcr einen heroischen Look.<br \/>\n\ud83d\udee1\ufe0f Langlebige Konstruktion f\u00fcr allt\u00e4gliche Ladevorg\u00e4nge.<br \/>\n\ud83d\udcf1 Kompakte Gr\u00f6\u00dfe f\u00fcr platzsparende Leistung.<br \/>\n\ud83c\udf1f Ein echter Blickfang, der f\u00fcr Gespr\u00e4chsstoff sorgt.<br \/>\n\ud83c\udf81 Ideales Geschenk f\u00fcr Gadget- und Abenteuerliebhaber.<\/p>\n<\/div>\n<\/div>\n<\/div>\n<\/div>\n<\/div>\n<\/div>\n<\/div>\n<\/div>\n<\/div>\n<\/div>\n<\/div>\n<\/div>","protected":false},"excerpt":{"rendered":"<p>Laden Sie Ihre Uhr mit Stil auf! \u26a1\ud83d\udd25 \ud83e\udd16 Kompatibel mit allen Apple Watch Modellen. \ud83c\udfa8 Antikes Metallic-Design f\u00fcr einen heroischen<\/p>","protected":false},"featured_media":1339,"comment_status":"open","ping_status":"closed","template":"","meta":[],"product_brand":[],"product_cat":[16,25,18],"product_tag":[],"class_list":{"0":"post-1337","1":"product","2":"type-product","3":"status-publish","4":"has-post-thumbnail","6":"product_cat-standify","7":"product_cat-controller-stand","8":"product_cat-action-figure","10":"first","11":"instock","12":"sale","13":"taxable","14":"shipping-taxable","15":"purchasable","16":"product-type-simple"},"jetpack_sharing_enabled":true,"_links":{"self":[{"href":"https:\/\/standify.org\/de\/wp-json\/wp\/v2\/product\/1337","targetHints":{"allow":["GET"]}}],"collection":[{"href":"https:\/\/standify.org\/de\/wp-json\/wp\/v2\/product"}],"about":[{"href":"https:\/\/standify.org\/de\/wp-json\/wp\/v2\/types\/product"}],"replies":[{"embeddable":true,"href":"https:\/\/standify.org\/de\/wp-json\/wp\/v2\/comments?post=1337"}],"version-history":[{"count":0,"href":"https:\/\/standify.org\/de\/wp-json\/wp\/v2\/product\/1337\/revisions"}],"wp:featuredmedia":[{"embeddable":true,"href":"https:\/\/standify.org\/de\/wp-json\/wp\/v2\/media\/1339"}],"wp:attachment":[{"href":"https:\/\/standify.org\/de\/wp-json\/wp\/v2\/media?parent=1337"}],"wp:term":[{"taxonomy":"product_brand","embeddable":true,"href":"https:\/\/standify.org\/de\/wp-json\/wp\/v2\/product_brand?post=1337"},{"taxonomy":"product_cat","embeddable":true,"href":"https:\/\/standify.org\/de\/wp-json\/wp\/v2\/product_cat?post=1337"},{"taxonomy":"product_tag","embeddable":true,"href":"https:\/\/standify.org\/de\/wp-json\/wp\/v2\/product_tag?post=1337"}],"curies":[{"name":"wp","href":"https:\/\/api.w.org\/{rel}","templated":true}]}}