{"id":1254,"date":"2024-02-28T13:13:24","date_gmt":"2024-02-28T13:13:24","guid":{"rendered":"https:\/\/standify.org\/?post_type=product&#038;p=1254"},"modified":"2024-11-19T03:37:42","modified_gmt":"2024-11-18T17:37:42","slug":"holographic-dbz-stickers-25-designs%ef%bc%89","status":"publish","type":"product","link":"https:\/\/standify.org\/de\/shop\/holographic-dbz-stickers-25-designs%ef%bc%89\/","title":{"rendered":"Holographische DBZ-Aufkleber (25 Designs\uff09"},"content":{"rendered":"<p><strong>\u00a0Cartoon Holografische Anime Laser Aufkleber (25 Designs)<\/p>\n<p>~Wasserdicht, sturmsicher, sonnensicher, schadet dem Autolack nicht und ist abnehmbar.<\/p>\n<p>~Dieser Aufkleber ist aus hochwertigem Vinyl gefertigt.<\/p>\n<p>~Alle unsere Aufkleber sind abnehmbar, aber NICHT wieder anbringbar.<\/p>\n<p>~Diese Aufkleber sehen umwerfend aus und verleihen einen individuellen Look!<\/p>\n<p>~Die Abziehbilder lassen sich leicht auf jeder glatten Oberfl\u00e4che anbringen.<\/p>\n<p>~Computer gestanzt. Kein Hintergrund auf diesen Abziehbildern.<\/p>\n<p>~Umweltfreundliches und selbstklebendes Vinylmaterial.<\/p>\n<p>~Wasserdicht und extrem witterungsbest\u00e4ndig.<\/p>\n<p>~Einfaches Auftragen und r\u00fcckstandsloses Entfernen.<\/p>\n<p>Hinweis: Die Farben des Artikels, den Sie erhalten, k\u00f6nnen aufgrund unterschiedlicher Monitoreinstellungen, Aufnahmeger\u00e4te, Lichtverh\u00e4ltnisse usw. leicht variieren, ich hoffe, Sie k\u00f6nnen das verstehen.<br \/>\n<strong><strong><img decoding=\"async\" src=\"https:\/\/ae01.alicdn.com\/kf\/S24e588a3cb6b46ada3a8ff3210ae44f86.jpg?width=1200&amp;height=1200&amp;hash=2400\" alt=\"Standify Anime Dragon Ball Z-Figuren und Goku Kopfh\u00f6rerst\u00e4nder\"><strong><strong><img decoding=\"async\" src=\"https:\/\/ae01.alicdn.com\/kf\/S7b2e9525279e43a2a879ca91f4d05cedX.jpg?width=1001&amp;height=1001&amp;hash=2002\" alt=\"Standify Anime Dragon Ball Z-Figuren und Goku Kopfh\u00f6rerst\u00e4nder\"><\/strong><\/strong><\/strong><\/strong><\/strong><br \/>\n\u00a0<\/p>\n<p>\u00a0<\/p>\n<p>\u00a0<\/p>","protected":false},"excerpt":{"rendered":"<p>\u00a0Cartoon Holographic Anime Laser Stickers (25\u00a0designs) ~Waterproof, Storm Proof, Sun-proof, No harm to car paint &amp; Removable. ~This decal is<\/p>","protected":false},"featured_media":1280,"comment_status":"open","ping_status":"closed","template":"","meta":[],"product_brand":[],"product_cat":[641,16],"product_tag":[],"class_list":{"0":"post-1254","1":"product","2":"type-product","3":"status-publish","4":"has-post-thumbnail","6":"product_cat-dragon-ball-z-super-saiyan","7":"product_cat-standify","9":"first","10":"instock","11":"taxable","12":"shipping-taxable","13":"purchasable","14":"product-type-variable"},"jetpack_sharing_enabled":true,"_links":{"self":[{"href":"https:\/\/standify.org\/de\/wp-json\/wp\/v2\/product\/1254","targetHints":{"allow":["GET"]}}],"collection":[{"href":"https:\/\/standify.org\/de\/wp-json\/wp\/v2\/product"}],"about":[{"href":"https:\/\/standify.org\/de\/wp-json\/wp\/v2\/types\/product"}],"replies":[{"embeddable":true,"href":"https:\/\/standify.org\/de\/wp-json\/wp\/v2\/comments?post=1254"}],"version-history":[{"count":0,"href":"https:\/\/standify.org\/de\/wp-json\/wp\/v2\/product\/1254\/revisions"}],"wp:featuredmedia":[{"embeddable":true,"href":"https:\/\/standify.org\/de\/wp-json\/wp\/v2\/media\/1280"}],"wp:attachment":[{"href":"https:\/\/standify.org\/de\/wp-json\/wp\/v2\/media?parent=1254"}],"wp:term":[{"taxonomy":"product_brand","embeddable":true,"href":"https:\/\/standify.org\/de\/wp-json\/wp\/v2\/product_brand?post=1254"},{"taxonomy":"product_cat","embeddable":true,"href":"https:\/\/standify.org\/de\/wp-json\/wp\/v2\/product_cat?post=1254"},{"taxonomy":"product_tag","embeddable":true,"href":"https:\/\/standify.org\/de\/wp-json\/wp\/v2\/product_tag?post=1254"}],"curies":[{"name":"wp","href":"https:\/\/api.w.org\/{rel}","templated":true}]}}