{"id":1163,"date":"2024-02-28T13:13:24","date_gmt":"2024-02-28T13:13:24","guid":{"rendered":"https:\/\/standify.org\/?post_type=product&#038;p=1163"},"modified":"2026-04-17T04:47:18","modified_gmt":"2026-04-16T18:47:18","slug":"goku-spirit-bomb-lamp","status":"publish","type":"product","link":"https:\/\/standify.org\/de\/shop\/goku-spirit-bomb-lamp\/","title":{"rendered":"Goku Spirit Bomb Lampe"},"content":{"rendered":"<p>Erhellen Sie Ihr Zimmer mit der Kraft eines Saiyajin-Kriegers! Die neue Goku Spirit Bomb Lampe ist ein Muss f\u00fcr jeden <em>Dragon Ball Z<\/em> Begeistert. Dieses mit Pr\u00e4zision gefertigte, elektrisierende St\u00fcck ist 25 cm gro\u00df und stellt Gokus ikonischen letzten Kampf gegen das B\u00f6se dar. Hier ist der Grund, warum du dieses Sammlerst\u00fcck brauchst:<\/p>\n<ul>\n<li><strong>K\u00e4mpferisches Design<\/strong> \ud83d\udd25: Diese Lampe, die Gokus intensive Konzentration einf\u00e4ngt, w\u00e4hrend er die Energie aller Lebewesen nutzt, strahlt ein lebendiges Licht aus, das die m\u00e4chtige Spirit Bomb symbolisiert.<\/li>\n<li><strong>Perfekte Gr\u00f6\u00dfe<\/strong> \ud83d\udccf: Mit einer beachtlichen H\u00f6he von 25 cm hat er die ideale Gr\u00f6\u00dfe f\u00fcr Schreibtische, Regale oder als Nachtlicht, um die Dunkelheit mit der Kraft eines Super-Saiyans in Schach zu halten.<\/li>\n<li><strong>Hochwertiges Material<\/strong> \ud83d\udee0\ufe0f: Hergestellt aus langlebigen, hochwertigen Materialien, ist es so konzipiert, dass es so lange h\u00e4lt wie Gokus Verm\u00e4chtnis.<\/li>\n<li><strong>Ideal zum Verschenken<\/strong> \ud83c\udf81: Ob zum Geburtstag, Urlaub oder einfach nur so, diese Lampe ist ein fantastisches Geschenk f\u00fcr jeden <em>DBZ<\/em> F\u00e4cher.<\/li>\n<\/ul>\n<p><strong>Produktmerkmale:<\/strong><\/p>\n<ul>\n<li><strong>Lebendige Illumination<\/strong> \ud83d\udca1: Genie\u00dfen Sie ein warmes, stimmungsvolles Licht, das in jedem Raum eine heroische Atmosph\u00e4re schafft.<\/li>\n<li><strong>Detaillierte Handwerkskunst<\/strong> \ud83c\udfa8: Von der feurigen Aura bis hin zu Gokus entschlossenem Gesichtsausdruck ist jedes Detail akribisch ausgearbeitet, um einen authentischen <em>DBZ<\/em> Erfahrung.<\/li>\n<li><strong>Energieeffizient<\/strong> \ud83d\udc9a: Die LED-Beleuchtung sorgt daf\u00fcr, dass Ihre Spirit Bomb hell leuchtet und gleichzeitig Energie spart.<\/li>\n<\/ul>\n<p><em>Bitte beachten Sie, dass die blauen Seitenteile angebracht werden m\u00fcssen. Die untere Kugel leuchtet nicht.\u00a0<\/em><\/p>","protected":false},"excerpt":{"rendered":"<p>Light up your room with the power of a Saiyan warrior! Introducing the Goku Spirit Bomb Lamp, a must-have for<\/p>","protected":false},"featured_media":1166,"comment_status":"open","ping_status":"closed","template":"","meta":[],"product_brand":[],"product_cat":[641,16,18,20,183],"product_tag":[21,143,17],"class_list":{"0":"post-1163","1":"product","2":"type-product","3":"status-publish","4":"has-post-thumbnail","6":"product_cat-dragon-ball-z-super-saiyan","7":"product_cat-standify","8":"product_cat-action-figure","9":"product_cat-apparel","10":"product_cat-featured-items","11":"product_tag-decoration","12":"product_tag-dbz","13":"product_tag-figurine","15":"first","16":"instock","17":"sale","18":"featured","19":"taxable","20":"shipping-taxable","21":"purchasable","22":"product-type-variable","23":"has-default-attributes"},"jetpack_sharing_enabled":true,"_links":{"self":[{"href":"https:\/\/standify.org\/de\/wp-json\/wp\/v2\/product\/1163","targetHints":{"allow":["GET"]}}],"collection":[{"href":"https:\/\/standify.org\/de\/wp-json\/wp\/v2\/product"}],"about":[{"href":"https:\/\/standify.org\/de\/wp-json\/wp\/v2\/types\/product"}],"replies":[{"embeddable":true,"href":"https:\/\/standify.org\/de\/wp-json\/wp\/v2\/comments?post=1163"}],"version-history":[{"count":12,"href":"https:\/\/standify.org\/de\/wp-json\/wp\/v2\/product\/1163\/revisions"}],"predecessor-version":[{"id":17354,"href":"https:\/\/standify.org\/de\/wp-json\/wp\/v2\/product\/1163\/revisions\/17354"}],"wp:featuredmedia":[{"embeddable":true,"href":"https:\/\/standify.org\/de\/wp-json\/wp\/v2\/media\/1166"}],"wp:attachment":[{"href":"https:\/\/standify.org\/de\/wp-json\/wp\/v2\/media?parent=1163"}],"wp:term":[{"taxonomy":"product_brand","embeddable":true,"href":"https:\/\/standify.org\/de\/wp-json\/wp\/v2\/product_brand?post=1163"},{"taxonomy":"product_cat","embeddable":true,"href":"https:\/\/standify.org\/de\/wp-json\/wp\/v2\/product_cat?post=1163"},{"taxonomy":"product_tag","embeddable":true,"href":"https:\/\/standify.org\/de\/wp-json\/wp\/v2\/product_tag?post=1163"}],"curies":[{"name":"wp","href":"https:\/\/api.w.org\/{rel}","templated":true}]}}