{"id":2589,"date":"2024-03-01T16:09:17","date_gmt":"2024-03-01T06:09:17","guid":{"rendered":"http:\/\/dummy.xtemos.com\/woodmart2\/mega-electronics-elementor\/?page_id=29"},"modified":"2024-12-27T21:05:31","modified_gmt":"2024-12-27T11:05:31","slug":"contact-information","status":"publish","type":"page","link":"https:\/\/standify.org\/de\/contact-information\/","title":{"rendered":"Kontaktinformationen"},"content":{"rendered":"<div data-elementor-type=\"wp-page\" data-elementor-id=\"2589\" class=\"elementor elementor-2589\" data-elementor-post-type=\"page\">\n\t\t\t\t<div class=\"elementor-element elementor-element-305ed2b e-flex e-con-boxed e-con e-parent\" data-id=\"305ed2b\" data-element_type=\"container\">\n\t\t\t\t\t<div class=\"e-con-inner\">\n\t\t<div class=\"elementor-element elementor-element-e3d2f24 e-con-full e-flex e-con e-child\" data-id=\"e3d2f24\" data-element_type=\"container\" data-settings=\"{&quot;background_background&quot;:&quot;classic&quot;}\">\n\t\t<div class=\"elementor-element elementor-element-bf27a7b e-flex e-con-boxed e-con e-child\" data-id=\"bf27a7b\" data-element_type=\"container\" data-settings=\"{&quot;background_background&quot;:&quot;classic&quot;}\">\n\t\t\t\t\t<div class=\"e-con-inner\">\n\t\t\t\t<div class=\"elementor-element elementor-element-bf694ca wd-width-100 elementor-widget elementor-widget-wd_title\" data-id=\"bf694ca\" data-element_type=\"widget\" data-widget_type=\"wd_title.default\">\n\t\t\t\t<div class=\"elementor-widget-container\">\n\t\t\t\t\t\t\t<div class=\"title-wrapper set-mb-s reset-last-child wd-title-color-default wd-title-style-default wd-title-size-small text-left\">\n\n\t\t\t\n\t\t\t<div class=\"liner-continer\">\n\t\t\t\t<h4 class=\"woodmart-title-container title wd-fontsize-m\">Brauchen Sie Hilfe?<\/h4> \n\t\t\t\t\t\t\t<\/div>\n\n\t\t\t\t\t<\/div>\n\t\t\t\t\t\t<\/div>\n\t\t\t\t<\/div>\n\t\t\t\t<div class=\"elementor-element elementor-element-9ef7748 elementor-widget elementor-widget-wd_list\" data-id=\"9ef7748\" data-element_type=\"widget\" data-widget_type=\"wd_list.default\">\n\t\t\t\t<div class=\"elementor-widget-container\">\n\t\t\t\t\t\t\t<ul class=\"wd-list color-scheme-custom wd-fontsize-xs wd-list-type-icon wd-list-style-default wd-justify-left\">\n\t\t\t\t\t\t\t\t\t\t\t<li class=\"elementor-repeater-item-f908793\">\n\t\t\t\t\t\t\t\t\t\t\t<img decoding=\"async\" width=\"32\" height=\"32\" src=\"https:\/\/standify.org\/wp-content\/uploads\/2024\/02\/S67df8feef81e45ffa26ad40a2c5aa352w-32x32.png\" class=\"attachment-32x32 size-32x32\" alt=\"Standify Anime Dragon Ball Z-Figuren und Goku Kopfh\u00f6rerst\u00e4nder\" srcset=\"https:\/\/standify.org\/wp-content\/uploads\/2024\/02\/S67df8feef81e45ffa26ad40a2c5aa352w-32x32.png 32w, https:\/\/standify.org\/wp-content\/uploads\/2024\/02\/S67df8feef81e45ffa26ad40a2c5aa352w-600x600.png 600w, https:\/\/standify.org\/wp-content\/uploads\/2024\/02\/S67df8feef81e45ffa26ad40a2c5aa352w-150x150.png 150w, https:\/\/standify.org\/wp-content\/uploads\/2024\/02\/S67df8feef81e45ffa26ad40a2c5aa352w-1200x1200.png 1200w, https:\/\/standify.org\/wp-content\/uploads\/2024\/02\/S67df8feef81e45ffa26ad40a2c5aa352w-300x300.png 300w, https:\/\/standify.org\/wp-content\/uploads\/2024\/02\/S67df8feef81e45ffa26ad40a2c5aa352w-1024x1024.png 1024w, https:\/\/standify.org\/wp-content\/uploads\/2024\/02\/S67df8feef81e45ffa26ad40a2c5aa352w-768x768.png 768w, https:\/\/standify.org\/wp-content\/uploads\/2024\/02\/S67df8feef81e45ffa26ad40a2c5aa352w-1536x1536.png 1536w, https:\/\/standify.org\/wp-content\/uploads\/2024\/02\/S67df8feef81e45ffa26ad40a2c5aa352w-2048x2048.png 2048w, https:\/\/standify.org\/wp-content\/uploads\/2024\/02\/S67df8feef81e45ffa26ad40a2c5aa352w-64x64.png 64w, https:\/\/standify.org\/wp-content\/uploads\/2024\/02\/S67df8feef81e45ffa26ad40a2c5aa352w-128x128.png 128w, https:\/\/standify.org\/wp-content\/uploads\/2024\/02\/S67df8feef81e45ffa26ad40a2c5aa352w-48x48.png 48w\" sizes=\"(max-width: 32px) 100vw, 32px\">\t\t\t\t\t\n\t\t\t\t\t<span class=\"list-content\">\n\t\t\t\t\t\tGoku Lampe Anleitung &gt;\t\t\t\t\t<\/span>\n\n\t\t\t\t\t\n\t\t\t\t\t\t<a  href=\"https:\/\/standify.org\/wp-content\/uploads\/2024\/12\/Goku-Lamp-Instructions.pdf\" class=\"wd-fill\" aria-label=\"Link zum Listeneintrag\"><\/a>\n\t\t\t\t\t\t\t\t\t<\/li>\n\t\t\t\t\t\t\t\t\t\t\t<li class=\"elementor-repeater-item-100c5d4\">\n\t\t\t\t\t\t\t\t\t\t\t<svg class=\"list-icon wd-icon e-font-icon-svg e-fas-star\" viewbox=\"0 0 576 512\" xmlns=\"http:\/\/www.w3.org\/2000\/svg\"><path d=\"M259.3 17.8L194 150.2 47.9 171.5c-26.2 3.8-36.7 36.1-17.7 54.6l105.7 103-25 145.5c-4.5 26.3 23.2 46 46.4 33.7L288 439.6l130.7 68.7c23.2 12.2 50.9-7.4 46.4-33.7l-25-145.5 105.7-103c19-18.5 8.5-50.8-17.7-54.6L382 150.2 316.7 17.8c-11.7-23.6-45.6-23.9-57.4 0z\"><\/path><\/svg>\t\t\t\t\t\n\t\t\t\t\t<span class=\"list-content\">\n\t\t\t\t\t\tWie lange dauert die Lieferung?<br>\n<small>Normalerweise 7-14 Tage. W\u00e4hrend der Hochsaison kann es zu Verz\u00f6gerungen kommen. Wir senden Produkte so schnell wie m\u00f6glich, aber sind auf Gnade der Kuriere. Wenn Ihre Sendungsverfolgung seit 1-4 Tagen nicht aktualisiert wurde, ist das normal. Es wird wahrscheinlich in einer Posteinrichtung sortiert.<\/small>\t\t\t\t\t<\/span>\n\n\t\t\t\t\t\t\t\t\t<\/li>\n\t\t\t\t\t\t\t\t\t\t\t<li class=\"elementor-repeater-item-c05932f\">\n\t\t\t\t\t\t\t\t\t\t\t<img decoding=\"async\" src=\"https:\/\/standify.org\/wp-content\/uploads\/2023\/01\/email.svg\" title=\"E-Mail\" width=\"32\" height=\"32\" alt=\"Standify Anime Dragon Ball Z-Figuren und Goku Kopfh\u00f6rerst\u00e4nder\">\t\t\t\t\t\n\t\t\t\t\t<span class=\"list-content\">\n\t\t\t\t\t\tE-Mail: info@standify.org\t\t\t\t\t<\/span>\n\n\t\t\t\t\t\n\t\t\t\t\t\t<a  href=\"#\" class=\"wd-fill\" aria-label=\"Link zum Listeneintrag\"><\/a>\n\t\t\t\t\t\t\t\t\t<\/li>\n\t\t\t\t\t<\/ul>\n\n\t\t\t\t\t\t<\/div>\n\t\t\t\t<\/div>\n\t\t\t\t<div class=\"elementor-element elementor-element-1c9a139 elementor-widget elementor-widget-button\" data-id=\"1c9a139\" data-element_type=\"widget\" data-widget_type=\"button.default\">\n\t\t\t\t\t\t\t\t\t\t<a class=\"elementor-button elementor-button-link elementor-size-sm\" href=\"\/de\/check-and-update-address\/\">\n\t\t\t\t\t\t<span class=\"elementor-button-content-wrapper\">\n\t\t\t\t\t\t\t\t\t<span class=\"elementor-button-text\">Meine Lieferadresse bearbeiten &gt;<\/span>\n\t\t\t\t\t<\/span>\n\t\t\t\t\t<\/a>\n\t\t\t\t\t\t\t\t<\/div>\n\t\t\t\t<div class=\"elementor-element elementor-element-9471dba elementor-widget elementor-widget-button\" data-id=\"9471dba\" data-element_type=\"widget\" data-widget_type=\"button.default\">\n\t\t\t\t\t\t\t\t\t\t<a class=\"elementor-button elementor-button-link elementor-size-sm\" href=\"\/de\/orders-tracking\/\">\n\t\t\t\t\t\t<span class=\"elementor-button-content-wrapper\">\n\t\t\t\t\t\t\t\t\t<span class=\"elementor-button-text\">Meine Bestellung verfolgen &gt;<\/span>\n\t\t\t\t\t<\/span>\n\t\t\t\t\t<\/a>\n\t\t\t\t\t\t\t\t<\/div>\n\t\t\t\t<div class=\"elementor-element elementor-element-a9cbf31 wd-width-100 elementor-widget elementor-widget-wd_title\" data-id=\"a9cbf31\" data-element_type=\"widget\" data-widget_type=\"wd_title.default\">\n\t\t\t\t<div class=\"elementor-widget-container\">\n\t\t\t\t\t\t\t<div class=\"title-wrapper set-mb-s reset-last-child wd-title-color-default wd-title-style-default wd-title-size-small text-left\">\n\n\t\t\t\n\t\t\t<div class=\"liner-continer\">\n\t\t\t\t<h4 class=\"woodmart-title-container title wd-fontsize-m\">Folgen Sie uns<\/h4> \n\t\t\t\t\t\t\t<\/div>\n\n\t\t\t\t\t<\/div>\n\t\t\t\t\t\t<\/div>\n\t\t\t\t<\/div>\n\t\t\t\t<div class=\"elementor-element elementor-element-d807e5d elementor-widget elementor-widget-wd_social_buttons\" data-id=\"d807e5d\" data-element_type=\"widget\" data-widget_type=\"wd_social_buttons.default\">\n\t\t\t\t<div class=\"elementor-widget-container\">\n\t\t\t\t\t\n\t\t\t<div class=\"wd-social-icons icons-design-colored icons-size-default color-scheme-light social-follow social-form-circle text-left\">\n\n\t\t\t\t\n\t\t\t\t\t\t\t\t\t<a rel=\"noopener noreferrer nofollow\" href=\"https:\/\/www.facebook.com\/profile.php?id=61552387445947\" target=\"_blank\" class=\"wd-social-icon social-facebook\" aria-label=\"Facebook sozialer Link\">\n\t\t\t\t\t\t<span class=\"wd-icon\"><\/span>\n\t\t\t\t\t\t\t\t\t\t\t<\/a>\n\t\t\t\t\n\t\t\t\t\n\t\t\t\t\n\t\t\t\t\t\t\t\t\t<a rel=\"noopener noreferrer nofollow\" href=\"https:\/\/www.instagram.com\/getstandify\" target=\"_blank\" class=\"wd-social-icon social-instagram\" aria-label=\"Instagram sozialer Link\">\n\t\t\t\t\t\t<span class=\"wd-icon\"><\/span>\n\t\t\t\t\t\t\t\t\t\t\t<\/a>\n\t\t\t\t\n\t\t\t\t\n\t\t\t\t\n\t\t\t\t\n\t\t\t\t\n\t\t\t\t\n\t\t\t\t\n\t\t\t\t\n\t\t\t\t\n\t\t\t\t\n\t\t\t\t\n\t\t\t\t\n\t\t\t\t\n\t\t\t\t\n\t\t\t\t\t\t\t\t\n\t\t\t\t\t\t\t\t\n\t\t\t\t\t\t\t\t\t<a rel=\"noopener noreferrer nofollow\" href=\"https:\/\/www.tiktok.com\/@getstandify\" target=\"_blank\" class=\"wd-social-icon social-tiktok\" aria-label=\"TikTok sozialer Link\">\n\t\t\t\t\t\t<span class=\"wd-icon\"><\/span>\n\t\t\t\t\t\t\t\t\t\t\t<\/a>\n\t\t\t\t\n\t\t\t\t\n\t\t\t\t\t\t\t\t\n\t\t\t\t\n\t\t\t<\/div>\n\n\t\t\t\t\t\t<\/div>\n\t\t\t\t<\/div>\n\t\t\t\t\t<\/div>\n\t\t\t\t<\/div>\n\t\t\t\t<\/div>\n\t\t<div class=\"elementor-element elementor-element-5cb84dd e-con-full e-flex e-con e-child\" data-id=\"5cb84dd\" data-element_type=\"container\" data-settings=\"{&quot;background_background&quot;:&quot;classic&quot;}\">\n\t\t\t\t<div class=\"elementor-element elementor-element-25821a6 wd-width-100 elementor-widget elementor-widget-wd_title\" data-id=\"25821a6\" data-element_type=\"widget\" data-widget_type=\"wd_title.default\">\n\t\t\t\t<div class=\"elementor-widget-container\">\n\t\t\t\t\t\t\t<div class=\"title-wrapper set-mb-s reset-last-child wd-title-color-default wd-title-style-default wd-title-size-default text-left\">\n\n\t\t\t\n\t\t\t<div class=\"liner-continer\">\n\t\t\t\t<h4 class=\"woodmart-title-container title wd-fontsize-l\">Kontakt aufnehmen<\/h4> \n\t\t\t\t\t\t\t<\/div>\n\n\t\t\t\t\t<\/div>\n\t\t\t\t\t\t<\/div>\n\t\t\t\t<\/div>\n\t\t\t\t<div class=\"elementor-element elementor-element-e781b79 elementor-widget elementor-widget-wd_contact_form_7\" data-id=\"e781b79\" data-element_type=\"widget\" data-widget_type=\"wd_contact_form_7.default\">\n\t\t\t\t<div class=\"elementor-widget-container\">\n\t\t\t\t\t\n<div class=\"wpcf7 no-js\" id=\"wpcf7-f2584-o1\" lang=\"en-US\" dir=\"ltr\" data-wpcf7-id=\"2584\">\n<div class=\"screen-reader-response\"><p role=\"status\" aria-live=\"polite\" aria-atomic=\"true\"><\/p> <ul><\/ul><\/div>\n<form action=\"\/de\/wp-json\/wp\/v2\/pages\/2589#wpcf7-f2584-o1\" method=\"post\" class=\"wpcf7-form init\" aria-label=\"Kontakt-Formular\" novalidate=\"novalidate\" data-status=\"init\" data-trp-original-action=\"\/de\/wp-json\/wp\/v2\/pages\/2589#wpcf7-f2584-o1\">\n<fieldset class=\"hidden-fields-container\"><input type=\"hidden\" name=\"_wpcf7\" value=\"2584\" \/><input type=\"hidden\" name=\"_wpcf7_version\" value=\"6.1.5\" \/><input type=\"hidden\" name=\"_wpcf7_locale\" value=\"en_US\" \/><input type=\"hidden\" name=\"_wpcf7_unit_tag\" value=\"wpcf7-f2584-o1\" \/><input type=\"hidden\" name=\"_wpcf7_container_post\" value=\"0\" \/><input type=\"hidden\" name=\"_wpcf7_posted_data_hash\" value=\"\" \/>\n<\/fieldset>\n<p><label> Ihr Name<br \/>\n<span class=\"wpcf7-form-control-wrap\" data-name=\"your-name\"><input size=\"40\" maxlength=\"400\" class=\"wpcf7-form-control wpcf7-text wpcf7-validates-as-required\" autocomplete=\"name\" aria-required=\"true\" aria-invalid=\"false\" value=\"\" type=\"text\" name=\"your-name\" \/><\/span> <\/label>\n<\/p>\n<p><label> Deine E-Mail<br \/>\n<span class=\"wpcf7-form-control-wrap\" data-name=\"your-email\"><input size=\"40\" maxlength=\"400\" class=\"wpcf7-form-control wpcf7-email wpcf7-validates-as-required wpcf7-text wpcf7-validates-as-email\" autocomplete=\"email\" aria-required=\"true\" aria-invalid=\"false\" value=\"\" type=\"email\" name=\"your-email\" \/><\/span> <\/label>\n<\/p>\n<p><label> Thema<br \/>\n<span class=\"wpcf7-form-control-wrap\" data-name=\"your-subject\"><input size=\"40\" maxlength=\"400\" class=\"wpcf7-form-control wpcf7-text wpcf7-validates-as-required\" aria-required=\"true\" aria-invalid=\"false\" value=\"\" type=\"text\" name=\"your-subject\" \/><\/span> <\/label>\n<\/p>\n<p><label> Ihre Nachricht (optional)<br \/>\n<span class=\"wpcf7-form-control-wrap\" data-name=\"your-message\"><textarea cols=\"40\" rows=\"10\" maxlength=\"1500\" minlength=\"10\" class=\"wpcf7-form-control wpcf7-textarea wpcf7-validates-as-required\" aria-required=\"true\" aria-invalid=\"false\" name=\"your-message\"><\/textarea><\/span><br \/>\n<span class=\"wpcf7-character-count up\" data-target-name=\"your-message\" data-starting-value=\"0\" data-current-value=\"0\" data-maximum-value=\"1500\" data-minimum-value=\"10\">0<\/span> <\/label>\n<\/p>\n<p><input class=\"wpcf7-form-control wpcf7-submit has-spinner btn btn-color-primary btn-style-semi-round\" type=\"submit\" value=\"Nachricht senden\" \/>\n<\/p><div class=\"wpcf7-response-output\" aria-hidden=\"true\"><\/div>\n<input type=\"hidden\" name=\"trp-form-language\" value=\"de\"\/><\/form>\n<\/div>\n\t\t\t\t<\/div>\n\t\t\t\t<\/div>\n\t\t\t\t<\/div>\n\t\t\t\t\t<\/div>\n\t\t\t\t<\/div>\n\t\t<div class=\"elementor-element elementor-element-3a29612 e-flex e-con-boxed e-con e-parent\" data-id=\"3a29612\" data-element_type=\"container\">\n\t\t\t\t\t<div class=\"e-con-inner\">\n\t\t<div class=\"elementor-element elementor-element-6ac4460 e-con-full e-flex e-con e-child\" data-id=\"6ac4460\" data-element_type=\"container\">\n\t\t\t\t<div class=\"elementor-element elementor-element-4bef883 elementor-widget__width-initial elementor-widget elementor-widget-wd_infobox\" data-id=\"4bef883\" data-element_type=\"widget\" data-widget_type=\"wd_infobox.default\">\n\t\t\t\t<div class=\"elementor-widget-container\">\n\t\t\t\t\t\t\t<div class=\"info-box-wrapper\">\n\t\t\t<div class=\"wd-info-box text-left box-icon-align-top box-style-base color-scheme-\">\n\t\t\t\t\n\t\t\t\t<div class=\"info-box-content\">\n\t\t\t\t\t\n\t\t\t\t\t\t\t\t\t\t\t<h4\t\t\t\t\t\tclass=\"info-box-title title box-title-style-default wd-fontsize-m\" data-elementor-setting-key=\"title\">\n\t\t\t\t\t\t\t\tWYSE Waren\t\t\t\t\t\t<\/h4>\n\t\t\t\t\t\n\t\t\t\t\t<div class=\"info-box-inner set-cont-mb-s reset-last-child\"data-elementor-setting-key=\"content\"><p>Elonera Drive, Slacks Creek QLD 4127, Australien<\/p>\n<p><b>E-Mail:<\/b>\u00a0<a href=\"mailto:info@standify.org\"><span style=\"color: #1877f2;\"><i>info@standify.org<\/i><\/span><\/a><\/p>\n<\/div>\n\n\t\t\t\t\t\t\t\t\t<\/div>\n\n\t\t\t\t\t\t\t\t\t<a href=\"https:\/\/standify.org\/de\/broadway-store\/\" class=\"wd-info-box-link wd-fill\" aria-label=\"Infobox-Link\"><\/a>\n\t\t\t\t\t\t\t<\/div>\n\t\t<\/div>\n\t\t\t\t\t\t<\/div>\n\t\t\t\t<\/div>\n\t\t\t\t<\/div>\n\t\t\t\t\t<\/div>\n\t\t\t\t<\/div>\n\t\t<div class=\"elementor-element elementor-element-45d255d e-flex e-con-boxed e-con e-parent\" data-id=\"45d255d\" data-element_type=\"container\" data-settings=\"{&quot;background_background&quot;:&quot;classic&quot;}\">\n\t\t\t\t\t<div class=\"e-con-inner\">\n\t\t<div class=\"elementor-element elementor-element-d623082 wd-collapsible-content e-flex e-con-boxed e-con e-child\" data-id=\"d623082\" data-element_type=\"container\">\n\t\t\t\t\t<div class=\"e-con-inner\">\n\t\t\t\t<div class=\"elementor-element elementor-element-d9383c9 wd-width-100 elementor-widget elementor-widget-wd_title\" data-id=\"d9383c9\" data-element_type=\"widget\" data-widget_type=\"wd_title.default\">\n\t\t\t\t<div class=\"elementor-widget-container\">\n\t\t\t\t\t\t\t<div class=\"title-wrapper set-mb-s reset-last-child wd-title-color-default wd-title-style-default wd-title-size-default text-left\">\n\n\t\t\t\n\t\t\t<div class=\"liner-continer\">\n\t\t\t\t<h4 class=\"woodmart-title-container title wd-fontsize-l\">\u2b50 Standify ist eine zuverl\u00e4ssige Wahl f\u00fcr den Online-Einkauf<\/h4> \n\t\t\t\t\t\t\t<\/div>\n\n\t\t\t\t\t<\/div>\n\t\t\t\t\t\t<\/div>\n\t\t\t\t<\/div>\n\t\t\t\t<div class=\"elementor-element elementor-element-31e4b87 elementor-widget elementor-widget-wd_text_block\" data-id=\"31e4b87\" data-element_type=\"widget\" data-widget_type=\"wd_text_block.default\">\n\t\t\t\t<div class=\"elementor-widget-container\">\n\t\t\t\t\t\t\t<div class=\"wd-text-block reset-last-child text-left\">\n\t\t\t\n\t\t\t<div class=\"flex-1 overflow-hidden\"><div class=\"react-scroll-to-bottom--css-jgiqc-79elbk h-full\"><div class=\"react-scroll-to-bottom--css-jgiqc-1n7m0yu\"><div class=\"flex flex-col text-sm pb-9\"><div class=\"w-full text-token-text-primary\" data-testid=\"conversation-turn-3\"><div class=\"px-4 py-2 justify-center text-base md:gap-6 m-auto\"><div class=\"flex flex-1 text-base mx-auto gap-3 md:px-5 lg:px-1 xl:px-5 md:max-w-3xl lg:max-w-[40rem] xl:max-w-[48rem] group final-completion\"><div class=\"relative flex w-full flex-col agent-turn\"><div class=\"flex-col gap-1 md:gap-3\"><div class=\"flex flex-grow flex-col max-w-full\"><div class=\"min-h-[20px] text-message flex flex-col items-start gap-3 whitespace-pre-wrap break-words [.text-message+&amp;]:mt-5 overflow-x-auto\" data-message-author-role=\"assistant\" data-message-id=\"9ed9a3e2-e1f7-46ec-a8c0-172a47012ea9\"><div class=\"markdown prose w-full break-words dark:prose-invert dark\"><p>Unser Engagement f\u00fcr Ihr Einkaufserlebnis zeigt sich in jedem Aspekt:<\/p><ul><li>Sicheres Einkaufen: Genie\u00dfen Sie die Sicherheit, dass Shopify Ihre Transaktion absichert. Shopify verwendet die h\u00f6chsten Sicherheitsprotokolle der Branche, um sicherzustellen, dass Ihre Daten gesch\u00fctzt sind. Wir akzeptieren auch PayPal, die ein weiterer leuchtender Stern der Kundensicherheit sind.<\/li><li>Direkte Einsparungen: Wir geben Einsparungen weiter, indem wir direkt an Sie verkaufen und so wettbewerbsf\u00e4hige Preise gew\u00e4hrleisten, ohne Kompromisse bei der Qualit\u00e4t einzugehen.<\/li><li>Verfolgen Sie Ihre Bestellung: Bleiben Sie auf dem Laufenden mit unserer zuverl\u00e4ssigen Auftragsverfolgung, die 1-2 Tage nach dem Kauf mit der Sendungsverfolgung aktualisiert wird.<\/li><li>Soziale Beweise: Entdecken Sie unsere sozialen Medien und die Empfehlungen von Influencern, um das Vertrauen in unsere Produkte zu st\u00e4rken.<\/li><\/ul><p>Wir sch\u00e4tzen Ihr Vertrauen und sind bestrebt, sowohl hervorragende Produkte als auch ein sicheres und transparentes Einkaufserlebnis zu bieten.<\/p><\/div><\/div><\/div><\/div><\/div><\/div><\/div><\/div><\/div><\/div><\/div><\/div>\n\t\t\t\t\t<\/div>\n\t\t\t\t\t\t<\/div>\n\t\t\t\t<\/div>\n\t\t\t\t<div class=\"elementor-element elementor-element-8f0d26c elementor-widget elementor-widget-wd_button\" data-id=\"8f0d26c\" data-element_type=\"widget\" data-widget_type=\"wd_button.default\">\n\t\t\t\t<div class=\"elementor-widget-container\">\n\t\t\t\t\t\t\t<div class=\"wd-button-wrapper text-left wd-collapsible-button\" >\n\t\t\t<a class=\"btn btn-style-default btn-style-semi-round btn-size-small btn-color-default btn-icon-pos-right\"  href=\"#\">\n\t\t\t\t<span class=\"wd-btn-text\" data-elementor-setting-key=\"text\">\n\t\t\t\t\tMehr lesen\t\t\t\t<\/span>\n\n\t\t\t\t\t\t\t\t\t<span class=\"wd-btn-icon\">\n\t\t\t\t\t\t<img decoding=\"async\" src=\"https:\/\/standify.org\/wp-content\/uploads\/2023\/01\/chevron-down-black.svg\" title=\"Chevron-Down-Schwarz\" width=\"14\" height=\"14\" alt=\"Standify Anime Dragon Ball Z-Figuren und Goku Kopfh\u00f6rerst\u00e4nder\">\t\t\t\t\t<\/span>\n\t\t\t\t\t\t\t<\/a>\n\t\t<\/div>\n\t\t\t\t\t\t<\/div>\n\t\t\t\t<\/div>\n\t\t\t\t\t<\/div>\n\t\t\t\t<\/div>\n\t\t\t\t\t<\/div>\n\t\t\t\t<\/div>\n\t\t\t\t<\/div>","protected":false},"excerpt":{"rendered":"<p>Brauchen Sie eine Hand? Goku Lampe Anleitung &gt; Wie lange dauert die Lieferung? Normalerweise 7-14 Tage. W\u00e4hrend der Hauptsaison kann es zu Verz\u00f6gerungen kommen.<\/p>","protected":false},"author":1,"featured_media":0,"parent":0,"menu_order":0,"comment_status":"closed","ping_status":"closed","template":"","meta":{"footnotes":""},"class_list":["post-2589","page","type-page","status-publish","hentry"],"jetpack_sharing_enabled":true,"_links":{"self":[{"href":"https:\/\/standify.org\/de\/wp-json\/wp\/v2\/pages\/2589","targetHints":{"allow":["GET"]}}],"collection":[{"href":"https:\/\/standify.org\/de\/wp-json\/wp\/v2\/pages"}],"about":[{"href":"https:\/\/standify.org\/de\/wp-json\/wp\/v2\/types\/page"}],"author":[{"embeddable":true,"href":"https:\/\/standify.org\/de\/wp-json\/wp\/v2\/users\/1"}],"replies":[{"embeddable":true,"href":"https:\/\/standify.org\/de\/wp-json\/wp\/v2\/comments?post=2589"}],"version-history":[{"count":15,"href":"https:\/\/standify.org\/de\/wp-json\/wp\/v2\/pages\/2589\/revisions"}],"predecessor-version":[{"id":26835,"href":"https:\/\/standify.org\/de\/wp-json\/wp\/v2\/pages\/2589\/revisions\/26835"}],"wp:attachment":[{"href":"https:\/\/standify.org\/de\/wp-json\/wp\/v2\/media?parent=2589"}],"curies":[{"name":"wp","href":"https:\/\/api.w.org\/{rel}","templated":true}]}}