{"id":10882,"date":"2024-03-08T00:31:36","date_gmt":"2024-03-07T14:31:36","guid":{"rendered":"https:\/\/standify.org\/?page_id=10882"},"modified":"2024-03-08T00:31:37","modified_gmt":"2024-03-07T14:31:37","slug":"ccpa-opt-out","status":"publish","type":"page","link":"https:\/\/standify.org\/de\/ccpa-opt-out\/","title":{"rendered":"CCPA-Ausstieg"},"content":{"rendered":"<h2 class=\"wp-block-heading\">Meine pers\u00f6nlichen Daten nicht verkaufen oder weitergeben<\/h2>\n\n\n\n<p>Wie in unserer Datenschutzrichtlinie beschrieben, sammeln wir personenbezogene Daten aus Ihren Interaktionen mit uns und unserer Website, auch durch Cookies und \u00e4hnliche Technologien. Wir k\u00f6nnen diese personenbezogenen Daten auch an Dritte weitergeben, einschlie\u00dflich Werbepartner. Wir tun dies, um Ihnen Werbung auf anderen Websites zu zeigen, die f\u00fcr Ihre Interessen relevanter ist, und aus anderen Gr\u00fcnden, die in unserer Datenschutzrichtlinie beschrieben sind.<\/p>\n\n\n\n<p>Die Weitergabe personenbezogener Daten f\u00fcr gezielte Werbung auf der Grundlage Ihrer Interaktion auf verschiedenen Websites kann nach bestimmten Datenschutzgesetzen der USA als \"Verkauf\", \"Weitergabe\" oder \"gezielte Werbung\" betrachtet werden. Je nachdem, wo Sie leben, haben Sie das Recht, diese Aktivit\u00e4ten zu unterbinden. Wenn Sie von diesem Recht Gebrauch machen m\u00f6chten, befolgen Sie bitte die nachstehenden Anweisungen.<\/p>\n\n\n\n<p>Wenn Sie unsere Website mit aktiviertem Global Privacy Control Opt-Out-Signal besuchen, behandeln wir dies, je nachdem, wo Sie sich befinden, als eine Aufforderung zur Ablehnung von Aktivit\u00e4ten, die als \"Verkauf\" oder \"Weitergabe\" personenbezogener Daten oder als andere Verwendungen angesehen werden k\u00f6nnen, die als gezielte Werbung f\u00fcr das Ger\u00e4t und den Browser, mit dem Sie unsere Website besucht haben, angesehen werden k\u00f6nnen.<\/p>","protected":false},"excerpt":{"rendered":"<p>Do not sell or share my personal information As described in our Privacy Policy, we collect personal information from your<\/p>","protected":false},"author":1,"featured_media":0,"parent":0,"menu_order":0,"comment_status":"closed","ping_status":"closed","template":"","meta":{"footnotes":""},"class_list":["post-10882","page","type-page","status-publish","hentry"],"jetpack_sharing_enabled":true,"_links":{"self":[{"href":"https:\/\/standify.org\/de\/wp-json\/wp\/v2\/pages\/10882","targetHints":{"allow":["GET"]}}],"collection":[{"href":"https:\/\/standify.org\/de\/wp-json\/wp\/v2\/pages"}],"about":[{"href":"https:\/\/standify.org\/de\/wp-json\/wp\/v2\/types\/page"}],"author":[{"embeddable":true,"href":"https:\/\/standify.org\/de\/wp-json\/wp\/v2\/users\/1"}],"replies":[{"embeddable":true,"href":"https:\/\/standify.org\/de\/wp-json\/wp\/v2\/comments?post=10882"}],"version-history":[{"count":0,"href":"https:\/\/standify.org\/de\/wp-json\/wp\/v2\/pages\/10882\/revisions"}],"wp:attachment":[{"href":"https:\/\/standify.org\/de\/wp-json\/wp\/v2\/media?parent=10882"}],"curies":[{"name":"wp","href":"https:\/\/api.w.org\/{rel}","templated":true}]}}