{"id":10862,"date":"2024-03-08T00:14:13","date_gmt":"2024-03-07T14:14:13","guid":{"rendered":"https:\/\/standify.org\/?page_id=10862"},"modified":"2024-03-08T00:14:16","modified_gmt":"2024-03-07T14:14:16","slug":"shipping-policy","status":"publish","type":"page","link":"https:\/\/standify.org\/de\/shipping-policy\/","title":{"rendered":"Versandpolitik"},"content":{"rendered":"<p>Voraussichtliche Versanddauer: 1-3 Tage<\/p>\n\n\n\n<p>Gesch\u00e4tzte Lieferzeiten<\/p>\n\n\n\n<p>USA: 6-10 Tage<\/p>\n\n\n\n<p>Australien: 7-12 Tage<\/p>\n\n\n\n<p>Frankreich: 5-10 Tage<\/p>\n\n\n\n<p>UK: 6-11 Tage<\/p>\n\n\n\n<p>Versicherter Versand garantiert eine R\u00fcckerstattung im Falle von besch\u00e4digten Waren, die w\u00e4hrend des Versands als inakzeptabel angesehen werden.&nbsp;<\/p>","protected":false},"excerpt":{"rendered":"<p>Estimated Dispatch Time: 1-3 Days Estimated Delivery Times USA: 6-10 Days Australia: 7-12 Days France: 5-10 Days UK: 6-11 Days<\/p>","protected":false},"author":1,"featured_media":0,"parent":0,"menu_order":0,"comment_status":"closed","ping_status":"closed","template":"","meta":{"footnotes":""},"class_list":["post-10862","page","type-page","status-publish","hentry"],"jetpack_sharing_enabled":true,"_links":{"self":[{"href":"https:\/\/standify.org\/de\/wp-json\/wp\/v2\/pages\/10862","targetHints":{"allow":["GET"]}}],"collection":[{"href":"https:\/\/standify.org\/de\/wp-json\/wp\/v2\/pages"}],"about":[{"href":"https:\/\/standify.org\/de\/wp-json\/wp\/v2\/types\/page"}],"author":[{"embeddable":true,"href":"https:\/\/standify.org\/de\/wp-json\/wp\/v2\/users\/1"}],"replies":[{"embeddable":true,"href":"https:\/\/standify.org\/de\/wp-json\/wp\/v2\/comments?post=10862"}],"version-history":[{"count":0,"href":"https:\/\/standify.org\/de\/wp-json\/wp\/v2\/pages\/10862\/revisions"}],"wp:attachment":[{"href":"https:\/\/standify.org\/de\/wp-json\/wp\/v2\/media?parent=10862"}],"curies":[{"name":"wp","href":"https:\/\/api.w.org\/{rel}","templated":true}]}}